{"id":10189,"date":"2023-09-16T11:41:40","date_gmt":"2023-09-16T10:41:40","guid":{"rendered":"https:\/\/artdenouer.com\/?page_id=10189"},"modified":"2023-11-29T19:50:38","modified_gmt":"2023-11-29T17:50:38","slug":"a-propos","status":"publish","type":"page","link":"https:\/\/artdenouer.com\/fr\/a-propos\/","title":{"rendered":"\u00c0 propos"},"content":{"rendered":"<section class=\"wpb-content-wrapper\"><p>[vc_row css=&#8221;.vc_custom_1694869344459{padding-top: 107px !important;padding-bottom: 100px !important;}&#8221;][vc_column][vc_empty_space][vc_column_text el_class=&#8221;ad-text-xxl ad-line-1&#8243; css=&#8221;.vc_custom_1694868614713{padding-right: 10px !important;padding-left: 10px !important;}&#8221;]<\/p>\n<p style=\"text-align: center;\"><strong>ANNA<\/strong><\/p>\n<p>[\/vc_column_text][vc_column_text el_class=&#8221;ad-text-xxl ad-line-1 a-propos-title-up&#8221; css=&#8221;.vc_custom_1694868762650{padding-right: 10px !important;padding-left: 10px !important;}&#8221;]<\/p>\n<p style=\"text-align: center;\"><strong>DUBESSY<\/strong><\/p>\n<p>[\/vc_column_text][\/vc_column][\/vc_row][vc_row el_class=&#8221;a-propos-image-container&#8221;][vc_column][vc_single_image image=&#8221;10499&#8243; img_size=&#8221;large&#8221; alignment=&#8221;center&#8221;][\/vc_column][\/vc_row][vc_row css=&#8221;.vc_custom_1693202813248{padding-bottom: 50px !important;}&#8221;][vc_column][vc_column_text el_class=&#8221;ad-text-normal&#8221; css=&#8221;.vc_custom_1696315250791{padding-right: 10px !important;padding-left: 10px !important;}&#8221;]<strong>Anna Dubessy (FR\/ES), 1986.<\/strong><\/p>\n<p class=\"p1\"><b>Dans sa pratique du design, Anna Dubessy interroge les comportements pr\u00e9con\u00e7us et dict\u00e9s aux femmes, au travers du bijou. Pr\u00e9c\u00e9demment expos\u00e9es au <em>Museum of Arts and Design<\/em> \u00e0 New York, ses sculptures \u00e0 porter sont des alternatives pour un quotidien artistique, qui se vit en toute fluidit\u00e9. Con\u00e7us et fabriqu\u00e9s en France avec un langage organique et intemporel, ces objets signature sont directement extraits des formes empreintes du corps f\u00e9minin. Courbes enveloppantes, lignes rac\u00e9es, port\u00e9s ing\u00e9nieux et lumi\u00e8re \u00e9clatante po\u00e9tisent le geste. En cr\u00e9ant cette fusion peau-objet, Anna d\u00e9passe l\u2019aspect d\u00e9coratif et sculpte la forme d\u2019une nouvelle fa\u00e7on de penser, d\u2019\u00eatre et de vivre. Il n\u2019y a plus besoin de faire comme. La femme ARTDENOUER vit par elle-m\u00eame. <\/b><\/p>\n<p>[\/vc_column_text][\/vc_column][\/vc_row][vc_row][vc_column][vc_empty_space height=&#8221;150px&#8221;][\/vc_column][\/vc_row]<\/p>\n<\/section>","protected":false},"excerpt":{"rendered":"<p>[vc_row css=&#8221;.vc_custom_1694869344459{padding-top: 107px !important;padding-bottom: 100px !important;}&#8221;][vc_column][vc_empty_space][vc_column_text el_class=&#8221;ad-text-xxl ad-line-1&#8243; css=&#8221;.vc_custom_1694868614713{padding-right: 10px !important;padding-left: 10px !important;}&#8221;] ANNA [\/vc_column_text][vc_column_text el_class=&#8221;ad-text-xxl ad-line-1 a-propos-title-up&#8221; css=&#8221;.vc_custom_1694868762650{padding-right: 10px !important;padding-left: 10px !important;}&#8221;] DUBESSY [\/vc_column_text][\/vc_column][\/vc_row][vc_row el_class=&#8221;a-propos-image-container&#8221;][vc_column][vc_single_image image=&#8221;10499&#8243; img_size=&#8221;large&#8221; alignment=&#8221;center&#8221;][\/vc_column][\/vc_row][vc_row css=&#8221;.vc_custom_1693202813248{padding-bottom: 50px !important;}&#8221;][vc_column][vc_column_text el_class=&#8221;ad-text-normal&#8221; css=&#8221;.vc_custom_1696315250791{padding-right: 10px !important;padding-left: 10px !important;}&#8221;]Anna Dubessy (FR\/ES), 1986. Dans sa pratique du design, Anna Dubessy interroge les comportements pr\u00e9con\u00e7us et dict\u00e9s aux [&hellip;]<\/p>\n","protected":false},"author":7,"featured_media":0,"parent":0,"menu_order":0,"comment_status":"closed","ping_status":"closed","template":"page-full-width.php","meta":{"_acf_changed":false,"footnotes":""},"acf":[],"yoast_head":"<!-- This site is optimized with the Yoast SEO plugin v22.8 - https:\/\/yoast.com\/wordpress\/plugins\/seo\/ -->\n<title>\u00c0 propos<\/title>\n<meta name=\"description\" content=\"Anna Dubessy (FR\/ES), 1986. Dans sa pratique du design, Anna interroge les comportements pr\u00e9con\u00e7us et dict\u00e9s aux femmes, au travers du bijou. Pr\u00e9c\u00e9demment expos\u00e9es au Museum of Arts and Design \u00e0 New York, ses sculptures \u00e0 porter sont des alternatives pour un quotidien artistique, qui se vit en toute fluidit\u00e9.\" \/>\n<meta name=\"robots\" content=\"index, follow, max-snippet:-1, max-image-preview:large, max-video-preview:-1\" \/>\n<link rel=\"canonical\" href=\"https:\/\/artdenouer.com\/fr\/a-propos\/\" \/>\n<meta property=\"og:locale\" content=\"fr_FR\" \/>\n<meta property=\"og:type\" content=\"article\" \/>\n<meta property=\"og:title\" content=\"\u00c0 propos\" \/>\n<meta property=\"og:description\" content=\"Anna Dubessy (FR\/ES), 1986. Dans sa pratique du design, Anna interroge les comportements pr\u00e9con\u00e7us et dict\u00e9s aux femmes, au travers du bijou. Pr\u00e9c\u00e9demment expos\u00e9es au Museum of Arts and Design \u00e0 New York, ses sculptures \u00e0 porter sont des alternatives pour un quotidien artistique, qui se vit en toute fluidit\u00e9.\" \/>\n<meta property=\"og:url\" content=\"https:\/\/artdenouer.com\/fr\/a-propos\/\" \/>\n<meta property=\"og:site_name\" content=\"ARTDENOUER\" \/>\n<meta property=\"article:modified_time\" content=\"2023-11-29T17:50:38+00:00\" \/>\n<meta property=\"og:image\" content=\"https:\/\/artdenouer.com\/wp-content\/uploads\/2021\/05\/home-lien-IG.jpg\" \/>\n<meta name=\"twitter:card\" content=\"summary_large_image\" \/>\n<meta name=\"twitter:label1\" content=\"Dur\u00e9e de lecture estim\u00e9e\" \/>\n\t<meta name=\"twitter:data1\" content=\"1 minute\" \/>\n<script type=\"application\/ld+json\" class=\"yoast-schema-graph\">{\"@context\":\"https:\/\/schema.org\",\"@graph\":[{\"@type\":\"WebPage\",\"@id\":\"https:\/\/artdenouer.com\/fr\/a-propos\/\",\"url\":\"https:\/\/artdenouer.com\/fr\/a-propos\/\",\"name\":\"\u00c0 propos\",\"isPartOf\":{\"@id\":\"https:\/\/artdenouer.com\/fr\/#website\"},\"datePublished\":\"2023-09-16T10:41:40+00:00\",\"dateModified\":\"2023-11-29T17:50:38+00:00\",\"description\":\"Anna Dubessy (FR\/ES), 1986. Dans sa pratique du design, Anna interroge les comportements pr\u00e9con\u00e7us et dict\u00e9s aux femmes, au travers du bijou. Pr\u00e9c\u00e9demment expos\u00e9es au Museum of Arts and Design \u00e0 New York, ses sculptures \u00e0 porter sont des alternatives pour un quotidien artistique, qui se vit en toute fluidit\u00e9.\",\"breadcrumb\":{\"@id\":\"https:\/\/artdenouer.com\/fr\/a-propos\/#breadcrumb\"},\"inLanguage\":\"fr-FR\",\"potentialAction\":[{\"@type\":\"ReadAction\",\"target\":[\"https:\/\/artdenouer.com\/fr\/a-propos\/\"]}]},{\"@type\":\"BreadcrumbList\",\"@id\":\"https:\/\/artdenouer.com\/fr\/a-propos\/#breadcrumb\",\"itemListElement\":[{\"@type\":\"ListItem\",\"position\":1,\"name\":\"Accueil\",\"item\":\"https:\/\/artdenouer.com\/fr\/\"},{\"@type\":\"ListItem\",\"position\":2,\"name\":\"\u00c0 propos\"}]},{\"@type\":\"WebSite\",\"@id\":\"https:\/\/artdenouer.com\/fr\/#website\",\"url\":\"https:\/\/artdenouer.com\/fr\/\",\"name\":\"ARTDENOUER\",\"description\":\"Sculptures \u00e0 porter\",\"publisher\":{\"@id\":\"https:\/\/artdenouer.com\/fr\/#organization\"},\"potentialAction\":[{\"@type\":\"SearchAction\",\"target\":{\"@type\":\"EntryPoint\",\"urlTemplate\":\"https:\/\/artdenouer.com\/fr\/?s={search_term_string}\"},\"query-input\":\"required name=search_term_string\"}],\"inLanguage\":\"fr-FR\"},{\"@type\":\"Organization\",\"@id\":\"https:\/\/artdenouer.com\/fr\/#organization\",\"name\":\"ARTDENOUER\",\"url\":\"https:\/\/artdenouer.com\/fr\/\",\"logo\":{\"@type\":\"ImageObject\",\"inLanguage\":\"fr-FR\",\"@id\":\"https:\/\/artdenouer.com\/fr\/#\/schema\/logo\/image\/\",\"url\":\"https:\/\/artdenouer.com\/wp-content\/uploads\/2023\/09\/161013_logotype_3mm.png\",\"contentUrl\":\"https:\/\/artdenouer.com\/wp-content\/uploads\/2023\/09\/161013_logotype_3mm.png\",\"width\":301,\"height\":45,\"caption\":\"ARTDENOUER\"},\"image\":{\"@id\":\"https:\/\/artdenouer.com\/fr\/#\/schema\/logo\/image\/\"},\"sameAs\":[\"https:\/\/www.instagram.com\/artdenouer\/\"]}]}<\/script>\n<!-- \/ Yoast SEO plugin. -->","yoast_head_json":{"title":"\u00c0 propos","description":"Anna Dubessy (FR\/ES), 1986. Dans sa pratique du design, Anna interroge les comportements pr\u00e9con\u00e7us et dict\u00e9s aux femmes, au travers du bijou. Pr\u00e9c\u00e9demment expos\u00e9es au Museum of Arts and Design \u00e0 New York, ses sculptures \u00e0 porter sont des alternatives pour un quotidien artistique, qui se vit en toute fluidit\u00e9.","robots":{"index":"index","follow":"follow","max-snippet":"max-snippet:-1","max-image-preview":"max-image-preview:large","max-video-preview":"max-video-preview:-1"},"canonical":"https:\/\/artdenouer.com\/fr\/a-propos\/","og_locale":"fr_FR","og_type":"article","og_title":"\u00c0 propos","og_description":"Anna Dubessy (FR\/ES), 1986. Dans sa pratique du design, Anna interroge les comportements pr\u00e9con\u00e7us et dict\u00e9s aux femmes, au travers du bijou. Pr\u00e9c\u00e9demment expos\u00e9es au Museum of Arts and Design \u00e0 New York, ses sculptures \u00e0 porter sont des alternatives pour un quotidien artistique, qui se vit en toute fluidit\u00e9.","og_url":"https:\/\/artdenouer.com\/fr\/a-propos\/","og_site_name":"ARTDENOUER","article_modified_time":"2023-11-29T17:50:38+00:00","og_image":[{"url":"https:\/\/artdenouer.com\/wp-content\/uploads\/2021\/05\/home-lien-IG.jpg"}],"twitter_card":"summary_large_image","twitter_misc":{"Dur\u00e9e de lecture estim\u00e9e":"1 minute"},"schema":{"@context":"https:\/\/schema.org","@graph":[{"@type":"WebPage","@id":"https:\/\/artdenouer.com\/fr\/a-propos\/","url":"https:\/\/artdenouer.com\/fr\/a-propos\/","name":"\u00c0 propos","isPartOf":{"@id":"https:\/\/artdenouer.com\/fr\/#website"},"datePublished":"2023-09-16T10:41:40+00:00","dateModified":"2023-11-29T17:50:38+00:00","description":"Anna Dubessy (FR\/ES), 1986. Dans sa pratique du design, Anna interroge les comportements pr\u00e9con\u00e7us et dict\u00e9s aux femmes, au travers du bijou. Pr\u00e9c\u00e9demment expos\u00e9es au Museum of Arts and Design \u00e0 New York, ses sculptures \u00e0 porter sont des alternatives pour un quotidien artistique, qui se vit en toute fluidit\u00e9.","breadcrumb":{"@id":"https:\/\/artdenouer.com\/fr\/a-propos\/#breadcrumb"},"inLanguage":"fr-FR","potentialAction":[{"@type":"ReadAction","target":["https:\/\/artdenouer.com\/fr\/a-propos\/"]}]},{"@type":"BreadcrumbList","@id":"https:\/\/artdenouer.com\/fr\/a-propos\/#breadcrumb","itemListElement":[{"@type":"ListItem","position":1,"name":"Accueil","item":"https:\/\/artdenouer.com\/fr\/"},{"@type":"ListItem","position":2,"name":"\u00c0 propos"}]},{"@type":"WebSite","@id":"https:\/\/artdenouer.com\/fr\/#website","url":"https:\/\/artdenouer.com\/fr\/","name":"ARTDENOUER","description":"Sculptures \u00e0 porter","publisher":{"@id":"https:\/\/artdenouer.com\/fr\/#organization"},"potentialAction":[{"@type":"SearchAction","target":{"@type":"EntryPoint","urlTemplate":"https:\/\/artdenouer.com\/fr\/?s={search_term_string}"},"query-input":"required name=search_term_string"}],"inLanguage":"fr-FR"},{"@type":"Organization","@id":"https:\/\/artdenouer.com\/fr\/#organization","name":"ARTDENOUER","url":"https:\/\/artdenouer.com\/fr\/","logo":{"@type":"ImageObject","inLanguage":"fr-FR","@id":"https:\/\/artdenouer.com\/fr\/#\/schema\/logo\/image\/","url":"https:\/\/artdenouer.com\/wp-content\/uploads\/2023\/09\/161013_logotype_3mm.png","contentUrl":"https:\/\/artdenouer.com\/wp-content\/uploads\/2023\/09\/161013_logotype_3mm.png","width":301,"height":45,"caption":"ARTDENOUER"},"image":{"@id":"https:\/\/artdenouer.com\/fr\/#\/schema\/logo\/image\/"},"sameAs":["https:\/\/www.instagram.com\/artdenouer\/"]}]}},"_links":{"self":[{"href":"https:\/\/artdenouer.com\/fr\/wp-json\/wp\/v2\/pages\/10189"}],"collection":[{"href":"https:\/\/artdenouer.com\/fr\/wp-json\/wp\/v2\/pages"}],"about":[{"href":"https:\/\/artdenouer.com\/fr\/wp-json\/wp\/v2\/types\/page"}],"author":[{"embeddable":true,"href":"https:\/\/artdenouer.com\/fr\/wp-json\/wp\/v2\/users\/7"}],"replies":[{"embeddable":true,"href":"https:\/\/artdenouer.com\/fr\/wp-json\/wp\/v2\/comments?post=10189"}],"version-history":[{"count":94,"href":"https:\/\/artdenouer.com\/fr\/wp-json\/wp\/v2\/pages\/10189\/revisions"}],"predecessor-version":[{"id":16284,"href":"https:\/\/artdenouer.com\/fr\/wp-json\/wp\/v2\/pages\/10189\/revisions\/16284"}],"wp:attachment":[{"href":"https:\/\/artdenouer.com\/fr\/wp-json\/wp\/v2\/media?parent=10189"}],"curies":[{"name":"wp","href":"https:\/\/api.w.org\/{rel}","templated":true}]}}