{"id":15552,"date":"2025-02-25T18:41:30","date_gmt":"2025-02-25T16:41:30","guid":{"rendered":"https:\/\/artdenouer.com\/?page_id=15552"},"modified":"2025-03-19T13:12:29","modified_gmt":"2025-03-19T11:12:29","slug":"liste-attente-2025","status":"publish","type":"page","link":"https:\/\/artdenouer.com\/fr\/liste-attente-2025\/","title":{"rendered":"Liste attente 2025"},"content":{"rendered":"<section class=\"wpb-content-wrapper\"><p>[vc_row][vc_column offset=&#8221;vc_hidden-lg vc_hidden-md&#8221;][vc_empty_space height=&#8221;50px&#8221;][\/vc_column][\/vc_row][vc_row][vc_column offset=&#8221;vc_hidden-sm vc_hidden-xs&#8221;][vc_empty_space height=&#8221;100px&#8221;][\/vc_column][\/vc_row][vc_row][vc_column][vc_column_text el_class=&#8221;ad-text-xl&#8221;]<\/p>\n<p style=\"text-align: center;\"><b>LISTE D&#8217;ATTENTE<\/b><\/p>\n<p>[\/vc_column_text][\/vc_column][\/vc_row][vc_row][vc_column offset=&#8221;vc_hidden-sm vc_hidden-xs&#8221;][vc_empty_space height=&#8221;50px&#8221;][\/vc_column][\/vc_row][vc_row][vc_column][vc_column_text css=&#8221;.vc_custom_1740507858715{padding-right: 10px !important;padding-left: 10px !important;}&#8221; el_class=&#8221;ad-text-normal&#8221;]<\/p>\n<p data-start=\"0\" data-end=\"103\"><strong>Les 3 iconiques seront disponibles en pr\u00e9commande du mardi 25 au dimanche 30 Mars, en \u00e9dition limit\u00e9e et \u00e0 tarifs pr\u00e9f\u00e9rentiels.\u00a0<\/strong><\/p>\n<p>[\/vc_column_text][\/vc_column][\/vc_row][vc_row][vc_column width=&#8221;1\/3&#8243; offset=&#8221;vc_hidden-sm vc_hidden-xs&#8221;][vc_single_image image=&#8221;15495&#8243; img_size=&#8221;full&#8221; alignment=&#8221;center&#8221; onclick=&#8221;custom_link&#8221; img_link_target=&#8221;_blank&#8221; link=&#8221;https:\/\/artdenouer.com\/fr\/produit\/scale-iv-2025\/&#8221;][vc_column_text el_class=&#8221;ad-text-s&#8221; css=&#8221;.vc_custom_1742381955721{padding-right: 10px !important;padding-left: 10px !important;}&#8221;]<\/p>\n<p data-pm-slice=\"1 1 []\"><strong><a href=\"https:\/\/artdenouer.com\/fr\/produit\/scale-iv-2025\/\" target=\"_blank\" rel=\"noopener\">SCALE IV, s\u00e9rie <em>CLOSE-UP<\/em>.<\/a><br \/>\n<\/strong>490\u20ac au lieu de 590\u20ac en stock<br \/>\n(123\u20ac avec un paiement en 4x)<\/p>\n<p><a href=\"https:\/\/artdenouer.com\/fr\/produit\/scale-iv-2025\/\" target=\"_blank\" rel=\"noopener\"><strong><em>Plus d&#8217;informations ici.<\/em><\/strong><\/a>[\/vc_column_text][\/vc_column][vc_column width=&#8221;1\/3&#8243; offset=&#8221;vc_hidden-sm vc_hidden-xs&#8221;][vc_single_image image=&#8221;14352&#8243; img_size=&#8221;full&#8221; alignment=&#8221;center&#8221; onclick=&#8221;custom_link&#8221; img_link_target=&#8221;_blank&#8221; link=&#8221;https:\/\/artdenouer.com\/fr\/produit\/ma-02-2025\/&#8221;][vc_column_text el_class=&#8221;ad-text-s&#8221; css=&#8221;.vc_custom_1742381946568{padding-right: 10px !important;padding-left: 10px !important;}&#8221;]<\/p>\n<p data-pm-slice=\"1 1 []\"><strong><a href=\"https:\/\/artdenouer.com\/fr\/produit\/ma-02-2025\/\" target=\"_blank\" rel=\"noopener\"><b>MA 02, s\u00e9rie <em>ANATOMIE DU MA<\/em>.<br \/>\n<\/b><\/a><\/strong>590\u20ac au lieu de 690\u20ac en stock<br \/>\n(148\u20ac avec un paiement en 4x)<\/p>\n<p data-pm-slice=\"1 1 []\"><a href=\"https:\/\/artdenouer.com\/fr\/produit\/ma-01-2025\/\" target=\"_blank\" rel=\"noopener\"><strong><em>Plus d&#8217;informations ici.<\/em><\/strong><\/a><\/p>\n<p>[\/vc_column_text][\/vc_column][vc_column width=&#8221;1\/3&#8243; offset=&#8221;vc_hidden-sm vc_hidden-xs&#8221;][vc_single_image image=&#8221;15493&#8243; img_size=&#8221;full&#8221; alignment=&#8221;center&#8221; onclick=&#8221;custom_link&#8221; img_link_target=&#8221;_blank&#8221; link=&#8221;https:\/\/artdenouer.com\/fr\/produit\/ma-01-2025\/&#8221;][vc_column_text css=&#8221;.vc_custom_1742382742941{padding-right: 10px !important;padding-left: 10px !important;}&#8221; el_class=&#8221;ad-text-s&#8221;]<\/p>\n<p data-pm-slice=\"1 1 []\"><strong><a href=\"https:\/\/artdenouer.com\/fr\/produit\/ma-01-2025\/\" target=\"_blank\" rel=\"noopener\"><b>MA 01, s\u00e9rie <em>ANATOMIE DU MA<\/em>.<\/b><\/a><\/strong><br \/>\n520\u20ac au lieu de 6300\u20ac en stock<br \/>\n(130\u20ac avec un paiement en 4x)<\/p>\n<p><a href=\"https:\/\/artdenouer.com\/fr\/produit\/ma-02-2025\/\" target=\"_blank\" rel=\"noopener\"><strong><em>Plus d&#8217;informations ici.<\/em><\/strong><\/a>[\/vc_column_text][\/vc_column][\/vc_row][vc_row][vc_column offset=&#8221;vc_hidden-sm vc_hidden-xs&#8221;][vc_empty_space height=&#8221;50px&#8221;][\/vc_column][\/vc_row][vc_row][vc_column offset=&#8221;vc_hidden-sm vc_hidden-xs&#8221;][vc_column_text css=&#8221;.vc_custom_1740509274676{padding-right: 10px !important;padding-left: 10px !important;}&#8221; el_class=&#8221;ad-text-normal&#8221;]<\/p>\n<p data-start=\"0\" data-end=\"103\"><strong>Rejoignez la liste d&#8217;attente pour un acc\u00e8s en priorit\u00e9 :<\/strong><\/p>\n<p>[\/vc_column_text][\/vc_column][\/vc_row][vc_row el_class=&#8221;form-in-page&#8221; css=&#8221;.vc_custom_1740508986706{padding-right: 10px !important;padding-left: 10px !important;}&#8221;][vc_column width=&#8221;1\/3&#8243;][\/vc_column][vc_column width=&#8221;1\/3&#8243; offset=&#8221;vc_hidden-sm vc_hidden-xs&#8221;][vc_column_text]\n<div class=\"wpcf7 no-js\" id=\"wpcf7-f15554-o1\" lang=\"fr-FR\" dir=\"ltr\">\n<div class=\"screen-reader-response\"><p role=\"status\" aria-live=\"polite\" aria-atomic=\"true\"><\/p> <ul><\/ul><\/div>\n<form action=\"\/fr\/wp-json\/wp\/v2\/pages\/15552#wpcf7-f15554-o1\" method=\"post\" class=\"wpcf7-form init\" aria-label=\"Formulaire de contact\" novalidate=\"novalidate\" data-status=\"init\">\n<div style=\"display: none;\">\n<input type=\"hidden\" name=\"_wpcf7\" value=\"15554\" \/>\n<input type=\"hidden\" name=\"_wpcf7_version\" value=\"5.9.5\" \/>\n<input type=\"hidden\" name=\"_wpcf7_locale\" value=\"fr_FR\" \/>\n<input type=\"hidden\" name=\"_wpcf7_unit_tag\" value=\"wpcf7-f15554-o1\" \/>\n<input type=\"hidden\" name=\"_wpcf7_container_post\" value=\"0\" \/>\n<input type=\"hidden\" name=\"_wpcf7_posted_data_hash\" value=\"\" \/>\n<input type=\"hidden\" name=\"_wpcf7_recaptcha_response\" value=\"\" \/>\n<\/div>\n<div class=\"reservation-form\">\n\t<div class=\"reservation-row\">\n\t\t<p><label> Mod\u00e8le<br \/>\n<span class=\"wpcf7-form-control-wrap\" data-name=\"produits-choix\"><select class=\"wpcf7-form-control wpcf7-select wpcf7-validates-as-required\" aria-required=\"true\" aria-invalid=\"false\" name=\"produits-choix\"><option value=\"\">Choisir une option<\/option><option value=\"Scale IV\">Scale IV<\/option><option value=\"MA 01\">MA 01<\/option><option value=\"MA 02\">MA 02<\/option><\/select><\/span><br \/>\n<\/label>\n\t\t<\/p>\n\t<\/div>\n\t<div class=\"reservation-row\">\n\t\t<p><label> Coordonn\u00e9es<br \/>\n<span class=\"wpcf7-form-control-wrap\" data-name=\"your-name\"><input size=\"40\" class=\"wpcf7-form-control wpcf7-text wpcf7-validates-as-required reservation-input\" autocomplete=\"name\" aria-required=\"true\" aria-invalid=\"false\" placeholder=\"Pr\u00e9nom \/ Nom\" value=\"\" type=\"text\" name=\"your-name\" \/><\/span><br \/>\n<\/label>\n\t\t<\/p>\n\t<\/div>\n\t<div class=\"reservation-row\">\n\t\t<p><label><br \/>\n<span class=\"wpcf7-form-control-wrap\" data-name=\"your-phone\"><input size=\"40\" class=\"wpcf7-form-control wpcf7-tel wpcf7-validates-as-required wpcf7-text wpcf7-validates-as-tel reservation-input\" autocomplete=\"tel\" aria-required=\"true\" aria-invalid=\"false\" placeholder=\"T\u00e9l\u00e9phone\" value=\"\" type=\"tel\" name=\"your-phone\" \/><\/span><br \/>\n<\/label>\n\t\t<\/p>\n\t<\/div>\n\t<div class=\"reservation-row\">\n\t\t<p><label><br \/>\n<span class=\"wpcf7-form-control-wrap\" data-name=\"your-email\"><input size=\"40\" class=\"wpcf7-form-control wpcf7-email wpcf7-validates-as-required wpcf7-text wpcf7-validates-as-email reservation-input\" autocomplete=\"email\" aria-required=\"true\" aria-invalid=\"false\" placeholder=\"Email\" value=\"\" type=\"email\" name=\"your-email\" \/><\/span><br \/>\n<\/label>\n\t\t<\/p>\n\t<\/div>\n\t<div class=\"reservation-row reservation-row-submit\">\n\t\t<p><input class=\"wpcf7-form-control wpcf7-submit has-spinner\" type=\"submit\" value=\"Rejoindre la liste d&#039;attente\" \/>\n\t\t<\/p>\n\t<\/div>\n<\/div>\n<div class=\"product-alert-info-subscribe\">\n\t<p>En vous inscrivant, vous acceptez de recevoir les newsletters ARTDENOUER.\n\t<\/p>\n<\/div><div class=\"wpcf7-response-output\" aria-hidden=\"true\"><\/div>\n<\/form>\n<\/div>\n[\/vc_column_text][\/vc_column][vc_column width=&#8221;1\/3&#8243;][\/vc_column][\/vc_row][vc_row][vc_column offset=&#8221;vc_hidden-lg vc_hidden-md&#8221;][vc_single_image image=&#8221;15780&#8243; img_size=&#8221;full&#8221;][\/vc_column][\/vc_row][vc_row][vc_column offset=&#8221;vc_hidden-lg vc_hidden-md&#8221;][vc_column_text css=&#8221;.vc_custom_1740509274676{padding-right: 10px !important;padding-left: 10px !important;}&#8221; el_class=&#8221;ad-text-normal&#8221;]<\/p>\n<p data-start=\"0\" data-end=\"103\"><strong>Rejoignez la liste d&#8217;attente pour un acc\u00e8s en priorit\u00e9 :<\/strong><\/p>\n<p>[\/vc_column_text][\/vc_column][\/vc_row][vc_row el_class=&#8221;form-in-page&#8221; css=&#8221;.vc_custom_1740508986706{padding-right: 10px !important;padding-left: 10px !important;}&#8221;][vc_column width=&#8221;1\/3&#8243;][\/vc_column][vc_column width=&#8221;1\/3&#8243; offset=&#8221;vc_hidden-lg vc_hidden-md&#8221;][vc_column_text]\n<div class=\"wpcf7 no-js\" id=\"wpcf7-f15554-o2\" lang=\"fr-FR\" dir=\"ltr\">\n<div class=\"screen-reader-response\"><p role=\"status\" aria-live=\"polite\" aria-atomic=\"true\"><\/p> <ul><\/ul><\/div>\n<form action=\"\/fr\/wp-json\/wp\/v2\/pages\/15552#wpcf7-f15554-o2\" method=\"post\" class=\"wpcf7-form init\" aria-label=\"Formulaire de contact\" novalidate=\"novalidate\" data-status=\"init\">\n<div style=\"display: none;\">\n<input type=\"hidden\" name=\"_wpcf7\" value=\"15554\" \/>\n<input type=\"hidden\" name=\"_wpcf7_version\" value=\"5.9.5\" \/>\n<input type=\"hidden\" name=\"_wpcf7_locale\" value=\"fr_FR\" \/>\n<input type=\"hidden\" name=\"_wpcf7_unit_tag\" value=\"wpcf7-f15554-o2\" \/>\n<input type=\"hidden\" name=\"_wpcf7_container_post\" value=\"0\" \/>\n<input type=\"hidden\" name=\"_wpcf7_posted_data_hash\" value=\"\" \/>\n<input type=\"hidden\" name=\"_wpcf7_recaptcha_response\" value=\"\" \/>\n<\/div>\n<div class=\"reservation-form\">\n\t<div class=\"reservation-row\">\n\t\t<p><label> Mod\u00e8le<br \/>\n<span class=\"wpcf7-form-control-wrap\" data-name=\"produits-choix\"><select class=\"wpcf7-form-control wpcf7-select wpcf7-validates-as-required\" aria-required=\"true\" aria-invalid=\"false\" name=\"produits-choix\"><option value=\"\">Choisir une option<\/option><option value=\"Scale IV\">Scale IV<\/option><option value=\"MA 01\">MA 01<\/option><option value=\"MA 02\">MA 02<\/option><\/select><\/span><br \/>\n<\/label>\n\t\t<\/p>\n\t<\/div>\n\t<div class=\"reservation-row\">\n\t\t<p><label> Coordonn\u00e9es<br \/>\n<span class=\"wpcf7-form-control-wrap\" data-name=\"your-name\"><input size=\"40\" class=\"wpcf7-form-control wpcf7-text wpcf7-validates-as-required reservation-input\" autocomplete=\"name\" aria-required=\"true\" aria-invalid=\"false\" placeholder=\"Pr\u00e9nom \/ Nom\" value=\"\" type=\"text\" name=\"your-name\" \/><\/span><br \/>\n<\/label>\n\t\t<\/p>\n\t<\/div>\n\t<div class=\"reservation-row\">\n\t\t<p><label><br \/>\n<span class=\"wpcf7-form-control-wrap\" data-name=\"your-phone\"><input size=\"40\" class=\"wpcf7-form-control wpcf7-tel wpcf7-validates-as-required wpcf7-text wpcf7-validates-as-tel reservation-input\" autocomplete=\"tel\" aria-required=\"true\" aria-invalid=\"false\" placeholder=\"T\u00e9l\u00e9phone\" value=\"\" type=\"tel\" name=\"your-phone\" \/><\/span><br \/>\n<\/label>\n\t\t<\/p>\n\t<\/div>\n\t<div class=\"reservation-row\">\n\t\t<p><label><br \/>\n<span class=\"wpcf7-form-control-wrap\" data-name=\"your-email\"><input size=\"40\" class=\"wpcf7-form-control wpcf7-email wpcf7-validates-as-required wpcf7-text wpcf7-validates-as-email reservation-input\" autocomplete=\"email\" aria-required=\"true\" aria-invalid=\"false\" placeholder=\"Email\" value=\"\" type=\"email\" name=\"your-email\" \/><\/span><br \/>\n<\/label>\n\t\t<\/p>\n\t<\/div>\n\t<div class=\"reservation-row reservation-row-submit\">\n\t\t<p><input class=\"wpcf7-form-control wpcf7-submit has-spinner\" type=\"submit\" value=\"Rejoindre la liste d&#039;attente\" \/>\n\t\t<\/p>\n\t<\/div>\n<\/div>\n<div class=\"product-alert-info-subscribe\">\n\t<p>En vous inscrivant, vous acceptez de recevoir les newsletters ARTDENOUER.\n\t<\/p>\n<\/div><div class=\"wpcf7-response-output\" aria-hidden=\"true\"><\/div>\n<\/form>\n<\/div>\n[\/vc_column_text][\/vc_column][vc_column width=&#8221;1\/3&#8243;][\/vc_column][\/vc_row][vc_row][vc_column width=&#8221;1\/3&#8243; offset=&#8221;vc_hidden-lg vc_hidden-md&#8221;][vc_single_image image=&#8221;15495&#8243; img_size=&#8221;full&#8221; alignment=&#8221;center&#8221; onclick=&#8221;custom_link&#8221; img_link_target=&#8221;_blank&#8221; link=&#8221;https:\/\/artdenouer.com\/fr\/produit\/scale-iv-2025\/&#8221;][vc_column_text el_class=&#8221;ad-text-s&#8221; css=&#8221;.vc_custom_1742381955721{padding-right: 10px !important;padding-left: 10px !important;}&#8221;]<\/p>\n<p data-pm-slice=\"1 1 []\"><strong><a href=\"https:\/\/artdenouer.com\/fr\/produit\/scale-iv-2025\/\" target=\"_blank\" rel=\"noopener\">SCALE IV, s\u00e9rie <em>CLOSE-UP<\/em>.<\/a><br \/>\n<\/strong>490\u20ac au lieu de 590\u20ac en stock<br \/>\n(123\u20ac avec un paiement en 4x)<\/p>\n<p><a href=\"https:\/\/artdenouer.com\/fr\/produit\/scale-iv-2025\/\" target=\"_blank\" rel=\"noopener\"><strong><em>Plus d&#8217;informations ici.<\/em><\/strong><\/a>[\/vc_column_text][\/vc_column][vc_column width=&#8221;1\/3&#8243; offset=&#8221;vc_hidden-lg vc_hidden-md&#8221;][vc_single_image image=&#8221;14352&#8243; img_size=&#8221;full&#8221; alignment=&#8221;center&#8221; onclick=&#8221;custom_link&#8221; img_link_target=&#8221;_blank&#8221; link=&#8221;https:\/\/artdenouer.com\/fr\/produit\/ma-02-2025\/&#8221;][vc_column_text el_class=&#8221;ad-text-s&#8221; css=&#8221;.vc_custom_1742381946568{padding-right: 10px !important;padding-left: 10px !important;}&#8221;]<\/p>\n<p data-pm-slice=\"1 1 []\"><strong><a href=\"https:\/\/artdenouer.com\/fr\/produit\/ma-02-2025\/\" target=\"_blank\" rel=\"noopener\"><b>MA 02, s\u00e9rie <em>ANATOMIE DU MA<\/em>.<br \/>\n<\/b><\/a><\/strong>590\u20ac au lieu de 690\u20ac en stock<br \/>\n(148\u20ac avec un paiement en 4x)<\/p>\n<p data-pm-slice=\"1 1 []\"><a href=\"https:\/\/artdenouer.com\/fr\/produit\/ma-01-2025\/\" target=\"_blank\" rel=\"noopener\"><strong><em>Plus d&#8217;informations ici.<\/em><\/strong><\/a><\/p>\n<p>[\/vc_column_text][\/vc_column][vc_column width=&#8221;1\/3&#8243; offset=&#8221;vc_hidden-lg vc_hidden-md&#8221;][vc_single_image image=&#8221;15493&#8243; img_size=&#8221;full&#8221; alignment=&#8221;center&#8221; onclick=&#8221;custom_link&#8221; img_link_target=&#8221;_blank&#8221; link=&#8221;https:\/\/artdenouer.com\/fr\/produit\/ma-01-2025\/&#8221;][vc_column_text css=&#8221;.vc_custom_1742382722407{padding-right: 10px !important;padding-left: 10px !important;}&#8221; el_class=&#8221;ad-text-s&#8221;]<\/p>\n<p data-pm-slice=\"1 1 []\"><strong><a href=\"https:\/\/artdenouer.com\/fr\/produit\/ma-01-2025\/\" target=\"_blank\" rel=\"noopener\"><b>MA 01, s\u00e9rie <em>ANATOMIE DU MA<\/em>.<\/b><\/a><\/strong><br \/>\n520\u20ac au lieu de 630\u20ac en stock<br \/>\n(130\u20ac avec un paiement en 4x)<\/p>\n<p><a href=\"https:\/\/artdenouer.com\/fr\/produit\/ma-02-2025\/\" target=\"_blank\" rel=\"noopener\"><strong><em>Plus d&#8217;informations ici.<\/em><\/strong><\/a>[\/vc_column_text][\/vc_column][\/vc_row]<\/p>\n<\/section>","protected":false},"excerpt":{"rendered":"<p>[vc_row][vc_column offset=&#8221;vc_hidden-lg vc_hidden-md&#8221;][vc_empty_space height=&#8221;50px&#8221;][\/vc_column][\/vc_row][vc_row][vc_column offset=&#8221;vc_hidden-sm vc_hidden-xs&#8221;][vc_empty_space height=&#8221;100px&#8221;][\/vc_column][\/vc_row][vc_row][vc_column][vc_column_text el_class=&#8221;ad-text-xl&#8221;] LISTE D&#8217;ATTENTE [\/vc_column_text][\/vc_column][\/vc_row][vc_row][vc_column offset=&#8221;vc_hidden-sm vc_hidden-xs&#8221;][vc_empty_space height=&#8221;50px&#8221;][\/vc_column][\/vc_row][vc_row][vc_column][vc_column_text css=&#8221;.vc_custom_1740507858715{padding-right: 10px !important;padding-left: 10px !important;}&#8221; el_class=&#8221;ad-text-normal&#8221;] Les 3 iconiques seront disponibles en pr\u00e9commande du mardi 25 au dimanche 30 Mars, en \u00e9dition limit\u00e9e et \u00e0 tarifs pr\u00e9f\u00e9rentiels.\u00a0 [\/vc_column_text][\/vc_column][\/vc_row][vc_row][vc_column width=&#8221;1\/3&#8243; offset=&#8221;vc_hidden-sm vc_hidden-xs&#8221;][vc_single_image image=&#8221;15495&#8243; img_size=&#8221;full&#8221; alignment=&#8221;center&#8221; onclick=&#8221;custom_link&#8221; img_link_target=&#8221;_blank&#8221; link=&#8221;https:\/\/artdenouer.com\/fr\/produit\/scale-iv-2025\/&#8221;][vc_column_text el_class=&#8221;ad-text-s&#8221; css=&#8221;.vc_custom_1742381955721{padding-right: 10px !important;padding-left: [&hellip;]<\/p>\n","protected":false},"author":7,"featured_media":0,"parent":0,"menu_order":0,"comment_status":"closed","ping_status":"closed","template":"page-full-width.php","meta":{"_acf_changed":false,"footnotes":""},"acf":[],"yoast_head":"<!-- This site is optimized with the Yoast SEO plugin v22.8 - https:\/\/yoast.com\/wordpress\/plugins\/seo\/ -->\n<title>Liste d&#039;attente 2025<\/title>\n<meta name=\"description\" content=\"Les 3 iconiques seront disponibles en pr\u00e9commande du mardi 25 au dimanche 30 Mars.\u00a0Rejoignez d\u00e8s maintenant la liste d&#039;attente pour un acc\u00e8s en priorit\u00e9.\" \/>\n<meta name=\"robots\" content=\"index, follow, max-snippet:-1, max-image-preview:large, max-video-preview:-1\" \/>\n<link rel=\"canonical\" href=\"https:\/\/artdenouer.com\/fr\/liste-attente-2025\/\" \/>\n<meta property=\"og:locale\" content=\"fr_FR\" \/>\n<meta property=\"og:type\" content=\"article\" \/>\n<meta property=\"og:title\" content=\"Liste d&#039;attente 2025\" \/>\n<meta property=\"og:description\" content=\"Les 3 iconiques seront disponibles en pr\u00e9commande du mardi 25 au dimanche 30 Mars.\u00a0Rejoignez d\u00e8s maintenant la liste d&#039;attente pour un acc\u00e8s en priorit\u00e9.\" \/>\n<meta property=\"og:url\" content=\"https:\/\/artdenouer.com\/fr\/liste-attente-2025\/\" \/>\n<meta property=\"og:site_name\" content=\"ARTDENOUER\" \/>\n<meta property=\"article:modified_time\" content=\"2025-03-19T11:12:29+00:00\" \/>\n<meta property=\"og:image\" content=\"https:\/\/artdenouer.com\/wp-content\/uploads\/2025\/02\/liste-attente-2025-1-1024x676.png\" \/>\n\t<meta property=\"og:image:width\" content=\"1024\" \/>\n\t<meta property=\"og:image:height\" content=\"676\" \/>\n\t<meta property=\"og:image:type\" content=\"image\/png\" \/>\n<meta name=\"twitter:card\" content=\"summary_large_image\" \/>\n<meta name=\"twitter:title\" content=\"Liste d&#039;attente 2025\" \/>\n<meta name=\"twitter:description\" content=\"Les 3 iconiques seront disponibles en pr\u00e9commande du mardi 25 au dimanche 30 Mars.\u00a0Rejoignez d\u00e8s maintenant la liste d&#039;attente pour un acc\u00e8s en priorit\u00e9.\" \/>\n<meta name=\"twitter:image\" content=\"https:\/\/artdenouer.com\/wp-content\/uploads\/2025\/02\/liste-attente-2025-1.png\" \/>\n<meta name=\"twitter:label1\" content=\"Dur\u00e9e de lecture estim\u00e9e\" \/>\n\t<meta name=\"twitter:data1\" content=\"4 minutes\" \/>\n<script type=\"application\/ld+json\" class=\"yoast-schema-graph\">{\"@context\":\"https:\/\/schema.org\",\"@graph\":[{\"@type\":\"WebPage\",\"@id\":\"https:\/\/artdenouer.com\/fr\/liste-attente-2025\/\",\"url\":\"https:\/\/artdenouer.com\/fr\/liste-attente-2025\/\",\"name\":\"Liste d'attente 2025\",\"isPartOf\":{\"@id\":\"https:\/\/artdenouer.com\/fr\/#website\"},\"datePublished\":\"2025-02-25T16:41:30+00:00\",\"dateModified\":\"2025-03-19T11:12:29+00:00\",\"description\":\"Les 3 iconiques seront disponibles en pr\u00e9commande du mardi 25 au dimanche 30 Mars.\u00a0Rejoignez d\u00e8s maintenant la liste d'attente pour un acc\u00e8s en priorit\u00e9.\",\"breadcrumb\":{\"@id\":\"https:\/\/artdenouer.com\/fr\/liste-attente-2025\/#breadcrumb\"},\"inLanguage\":\"fr-FR\",\"potentialAction\":[{\"@type\":\"ReadAction\",\"target\":[\"https:\/\/artdenouer.com\/fr\/liste-attente-2025\/\"]}]},{\"@type\":\"BreadcrumbList\",\"@id\":\"https:\/\/artdenouer.com\/fr\/liste-attente-2025\/#breadcrumb\",\"itemListElement\":[{\"@type\":\"ListItem\",\"position\":1,\"name\":\"Accueil\",\"item\":\"https:\/\/artdenouer.com\/fr\/\"},{\"@type\":\"ListItem\",\"position\":2,\"name\":\"Liste attente 2025\"}]},{\"@type\":\"WebSite\",\"@id\":\"https:\/\/artdenouer.com\/fr\/#website\",\"url\":\"https:\/\/artdenouer.com\/fr\/\",\"name\":\"ARTDENOUER\",\"description\":\"Sculptures \u00e0 porter\",\"publisher\":{\"@id\":\"https:\/\/artdenouer.com\/fr\/#organization\"},\"potentialAction\":[{\"@type\":\"SearchAction\",\"target\":{\"@type\":\"EntryPoint\",\"urlTemplate\":\"https:\/\/artdenouer.com\/fr\/?s={search_term_string}\"},\"query-input\":\"required name=search_term_string\"}],\"inLanguage\":\"fr-FR\"},{\"@type\":\"Organization\",\"@id\":\"https:\/\/artdenouer.com\/fr\/#organization\",\"name\":\"ARTDENOUER\",\"url\":\"https:\/\/artdenouer.com\/fr\/\",\"logo\":{\"@type\":\"ImageObject\",\"inLanguage\":\"fr-FR\",\"@id\":\"https:\/\/artdenouer.com\/fr\/#\/schema\/logo\/image\/\",\"url\":\"https:\/\/artdenouer.com\/wp-content\/uploads\/2023\/09\/161013_logotype_3mm.png\",\"contentUrl\":\"https:\/\/artdenouer.com\/wp-content\/uploads\/2023\/09\/161013_logotype_3mm.png\",\"width\":301,\"height\":45,\"caption\":\"ARTDENOUER\"},\"image\":{\"@id\":\"https:\/\/artdenouer.com\/fr\/#\/schema\/logo\/image\/\"},\"sameAs\":[\"https:\/\/www.instagram.com\/artdenouer\/\"]}]}<\/script>\n<!-- \/ Yoast SEO plugin. -->","yoast_head_json":{"title":"Liste d'attente 2025","description":"Les 3 iconiques seront disponibles en pr\u00e9commande du mardi 25 au dimanche 30 Mars.\u00a0Rejoignez d\u00e8s maintenant la liste d'attente pour un acc\u00e8s en priorit\u00e9.","robots":{"index":"index","follow":"follow","max-snippet":"max-snippet:-1","max-image-preview":"max-image-preview:large","max-video-preview":"max-video-preview:-1"},"canonical":"https:\/\/artdenouer.com\/fr\/liste-attente-2025\/","og_locale":"fr_FR","og_type":"article","og_title":"Liste d'attente 2025","og_description":"Les 3 iconiques seront disponibles en pr\u00e9commande du mardi 25 au dimanche 30 Mars.\u00a0Rejoignez d\u00e8s maintenant la liste d'attente pour un acc\u00e8s en priorit\u00e9.","og_url":"https:\/\/artdenouer.com\/fr\/liste-attente-2025\/","og_site_name":"ARTDENOUER","article_modified_time":"2025-03-19T11:12:29+00:00","og_image":[{"width":1024,"height":676,"url":"https:\/\/artdenouer.com\/wp-content\/uploads\/2025\/02\/liste-attente-2025-1-1024x676.png","type":"image\/png"}],"twitter_card":"summary_large_image","twitter_title":"Liste d'attente 2025","twitter_description":"Les 3 iconiques seront disponibles en pr\u00e9commande du mardi 25 au dimanche 30 Mars.\u00a0Rejoignez d\u00e8s maintenant la liste d'attente pour un acc\u00e8s en priorit\u00e9.","twitter_image":"https:\/\/artdenouer.com\/wp-content\/uploads\/2025\/02\/liste-attente-2025-1.png","twitter_misc":{"Dur\u00e9e de lecture estim\u00e9e":"4 minutes"},"schema":{"@context":"https:\/\/schema.org","@graph":[{"@type":"WebPage","@id":"https:\/\/artdenouer.com\/fr\/liste-attente-2025\/","url":"https:\/\/artdenouer.com\/fr\/liste-attente-2025\/","name":"Liste d'attente 2025","isPartOf":{"@id":"https:\/\/artdenouer.com\/fr\/#website"},"datePublished":"2025-02-25T16:41:30+00:00","dateModified":"2025-03-19T11:12:29+00:00","description":"Les 3 iconiques seront disponibles en pr\u00e9commande du mardi 25 au dimanche 30 Mars.\u00a0Rejoignez d\u00e8s maintenant la liste d'attente pour un acc\u00e8s en priorit\u00e9.","breadcrumb":{"@id":"https:\/\/artdenouer.com\/fr\/liste-attente-2025\/#breadcrumb"},"inLanguage":"fr-FR","potentialAction":[{"@type":"ReadAction","target":["https:\/\/artdenouer.com\/fr\/liste-attente-2025\/"]}]},{"@type":"BreadcrumbList","@id":"https:\/\/artdenouer.com\/fr\/liste-attente-2025\/#breadcrumb","itemListElement":[{"@type":"ListItem","position":1,"name":"Accueil","item":"https:\/\/artdenouer.com\/fr\/"},{"@type":"ListItem","position":2,"name":"Liste attente 2025"}]},{"@type":"WebSite","@id":"https:\/\/artdenouer.com\/fr\/#website","url":"https:\/\/artdenouer.com\/fr\/","name":"ARTDENOUER","description":"Sculptures \u00e0 porter","publisher":{"@id":"https:\/\/artdenouer.com\/fr\/#organization"},"potentialAction":[{"@type":"SearchAction","target":{"@type":"EntryPoint","urlTemplate":"https:\/\/artdenouer.com\/fr\/?s={search_term_string}"},"query-input":"required name=search_term_string"}],"inLanguage":"fr-FR"},{"@type":"Organization","@id":"https:\/\/artdenouer.com\/fr\/#organization","name":"ARTDENOUER","url":"https:\/\/artdenouer.com\/fr\/","logo":{"@type":"ImageObject","inLanguage":"fr-FR","@id":"https:\/\/artdenouer.com\/fr\/#\/schema\/logo\/image\/","url":"https:\/\/artdenouer.com\/wp-content\/uploads\/2023\/09\/161013_logotype_3mm.png","contentUrl":"https:\/\/artdenouer.com\/wp-content\/uploads\/2023\/09\/161013_logotype_3mm.png","width":301,"height":45,"caption":"ARTDENOUER"},"image":{"@id":"https:\/\/artdenouer.com\/fr\/#\/schema\/logo\/image\/"},"sameAs":["https:\/\/www.instagram.com\/artdenouer\/"]}]}},"_links":{"self":[{"href":"https:\/\/artdenouer.com\/fr\/wp-json\/wp\/v2\/pages\/15552"}],"collection":[{"href":"https:\/\/artdenouer.com\/fr\/wp-json\/wp\/v2\/pages"}],"about":[{"href":"https:\/\/artdenouer.com\/fr\/wp-json\/wp\/v2\/types\/page"}],"author":[{"embeddable":true,"href":"https:\/\/artdenouer.com\/fr\/wp-json\/wp\/v2\/users\/7"}],"replies":[{"embeddable":true,"href":"https:\/\/artdenouer.com\/fr\/wp-json\/wp\/v2\/comments?post=15552"}],"version-history":[{"count":30,"href":"https:\/\/artdenouer.com\/fr\/wp-json\/wp\/v2\/pages\/15552\/revisions"}],"predecessor-version":[{"id":15558,"href":"https:\/\/artdenouer.com\/fr\/wp-json\/wp\/v2\/pages\/15552\/revisions\/15558"}],"wp:attachment":[{"href":"https:\/\/artdenouer.com\/fr\/wp-json\/wp\/v2\/media?parent=15552"}],"curies":[{"name":"wp","href":"https:\/\/api.w.org\/{rel}","templated":true}]}}