{"id":15578,"date":"2025-02-25T21:16:53","date_gmt":"2025-02-25T19:16:53","guid":{"rendered":"https:\/\/artdenouer.com\/?page_id=15578"},"modified":"2025-11-17T22:25:29","modified_gmt":"2025-11-17T20:25:29","slug":"confirmation-liste-attente-2025","status":"publish","type":"page","link":"https:\/\/artdenouer.com\/fr\/confirmation-liste-attente-2025\/","title":{"rendered":"Confirmation liste d&#8217;attente 2025"},"content":{"rendered":"<section class=\"wpb-content-wrapper\"><p>[vc_row][vc_column offset=&#8221;vc_hidden-sm vc_hidden-xs&#8221;][vc_empty_space height=&#8221;100px&#8221;][\/vc_column][\/vc_row][vc_row][vc_column offset=&#8221;vc_hidden-lg vc_hidden-md&#8221;][vc_empty_space height=&#8221;50px&#8221;][\/vc_column][\/vc_row][vc_row][vc_column width=&#8221;1\/2&#8243;][vc_column_text el_class=&#8221;ad-text-s&#8221; css=&#8221;.vc_custom_1763411069117{padding-right: 10px !important;padding-left: 10px !important;}&#8221;]<strong><b>Vous \u00eates d\u00e9sormais inscrite sur la liste d&#8217;attente. Si vous le souhaitez, vous pouvez d\u00e9sormais r\u00e9server votre rendez-vous priv\u00e9.<\/b><\/strong>[\/vc_column_text][vc_column_text el_class=&#8221;ad-text-s&#8221; css=&#8221;.vc_custom_1763411091510{padding-right: 10px !important;padding-left: 10px !important;}&#8221;]<b>RENDEZ-VOUS PRIV\u00c9S<br \/>\n25 Nov. \u2014 02 D\u00e9c. 2025<br \/>\navec Anna Dubessy<\/b><\/p>\n<p><strong>\u00c0 l&#8217;H\u00f4tel Parister (Paris 9e) ou en vid\u00e9o.<\/strong><br \/>\n<b>Lundi \u2014 Samedi : 10H \u2014 20H<br \/>\nDimanche : ferm\u00e9<\/b>[\/vc_column_text][\/vc_column][vc_column width=&#8221;1\/2&#8243;][vc_column_text el_class=&#8221;ad-text-s&#8221; css=&#8221;.vc_custom_1763410760526{padding-right: 10px !important;padding-left: 10px !important;}&#8221;]<b>R\u00e9server un cr\u00e9neau ici<br \/>\n(30 minutes)<\/b>[\/vc_column_text][vc_column_text el_class=&#8221;booked-container&#8221;]<\/p>\n<p style=\"text-align: center;\"><div class=\"booked-calendar-shortcode-wrap\"><div class=\"booked-calendar-wrap large\"><div class=\"booked-calendar\" data-calendar-date=\"2026-04-01\">\n\t\t<div class=\"bc-head\">\n\n\t\t\t\n\t\t\t<div class=\"bc-row top\">\n\t\t\t\t<div class=\"bc-col\">\n\t\t\t\t\t\t\t\t\t\t<span class=\"calendarSavingState\">\n\t\t\t\t\t\t<i class=\"fa-solid fa-circle-notch fa-spin\"><\/i>\n\t\t\t\t\t<\/span>\n\t\t\t\t\t<span class=\"monthName\">\n\t\t\t\t\t\tavril 2026\t\t\t\t\t\t\t\t\t\t\t<\/span>\n\t\t\t\t\t<a href=\"#\" data-goto=\"2026-05-01\" class=\"page-right\"><i class=\"fa-solid fa-arrow-right\"><\/i><\/a>\t\t\t\t<\/div>\n\t\t\t<\/div>\n\t\t\t<div class=\"bc-row days\">\n\t\t\t\t\t\t\t\t<div class=\"bc-col\">lun<\/div>\n\t\t\t\t<div class=\"bc-col\">mar<\/div>\n\t\t\t\t<div class=\"bc-col\">mer<\/div>\n\t\t\t\t<div class=\"bc-col\">jeu<\/div>\n\t\t\t\t<div class=\"bc-col\">ven<\/div>\n\t\t\t\t<div class=\"bc-col\">sam<\/div>\t\t\t\t<div class=\"bc-col\">dim<\/div>\t\t\t<\/div>\n\t\t<\/div>\n\t\t<div class=\"bc-body\"><div class=\"bc-row week\"><div data-date=\"2026-03-30\" class=\"bc-col prev-month prev-date\"><span class=\"date\"><span class=\"number\">30<\/span><\/span><\/div><div data-date=\"2026-03-31\" class=\"bc-col prev-month prev-date\"><span class=\"date\"><span class=\"number\">31<\/span><\/span><\/div><div data-date=\"2026-04-1\" class=\"bc-col prev-date\"><span class=\"date\"><span class=\"number\">1<\/span><\/span><\/div><div data-date=\"2026-04-2\" class=\"bc-col prev-date\"><span class=\"date\"><span class=\"number\">2<\/span><\/span><\/div><div data-date=\"2026-04-3\" class=\"bc-col prev-date\"><span class=\"date\"><span class=\"number\">3<\/span><\/span><\/div><div data-date=\"2026-04-4\" class=\"bc-col prev-date\"><span class=\"date\"><span class=\"number\">4<\/span><\/span><\/div><div data-date=\"2026-04-5\" class=\"bc-col prev-date\"><span class=\"date\"><span class=\"number\">5<\/span><\/span><\/div><\/div><div class=\"bc-row week\"><div data-date=\"2026-04-6\" class=\"bc-col prev-date\"><span class=\"date\"><span class=\"number\">6<\/span><\/span><\/div><div data-date=\"2026-04-7\" class=\"bc-col prev-date\"><span class=\"date\"><span class=\"number\">7<\/span><\/span><\/div><div data-date=\"2026-04-8\" class=\"bc-col prev-date\"><span class=\"date\"><span class=\"number\">8<\/span><\/span><\/div><div data-date=\"2026-04-9\" class=\"bc-col prev-date\"><span class=\"date\"><span class=\"number\">9<\/span><\/span><\/div><div data-date=\"2026-04-10\" class=\"bc-col prev-date\"><span class=\"date\"><span class=\"number\">10<\/span><\/span><\/div><div data-date=\"2026-04-11\" class=\"bc-col prev-date\"><span class=\"date\"><span class=\"number\">11<\/span><\/span><\/div><div data-date=\"2026-04-12\" class=\"bc-col prev-date\"><span class=\"date\"><span class=\"number\">12<\/span><\/span><\/div><\/div><div class=\"bc-row week\"><div data-date=\"2026-04-13\" class=\"bc-col prev-date\"><span class=\"date\"><span class=\"number\">13<\/span><\/span><\/div><div data-date=\"2026-04-14\" class=\"bc-col prev-date\"><span class=\"date\"><span class=\"number\">14<\/span><\/span><\/div><div data-date=\"2026-04-15\" class=\"bc-col prev-date\"><span class=\"date\"><span class=\"number\">15<\/span><\/span><\/div><div data-date=\"2026-04-16\" class=\"bc-col prev-date\"><span class=\"date\"><span class=\"number\">16<\/span><\/span><\/div><div data-date=\"2026-04-17\" class=\"bc-col prev-date\"><span class=\"date\"><span class=\"number\">17<\/span><\/span><\/div><div data-date=\"2026-04-18\" class=\"bc-col prev-date\"><span class=\"date\"><span class=\"number\">18<\/span><\/span><\/div><div data-date=\"2026-04-19\" class=\"bc-col prev-date\"><span class=\"date\"><span class=\"number\">19<\/span><\/span><\/div><\/div><div class=\"bc-row week\"><div data-date=\"2026-04-20\" class=\"bc-col prev-date\"><span class=\"date\"><span class=\"number\">20<\/span><\/span><\/div><div data-date=\"2026-04-21\" class=\"bc-col prev-date\"><span class=\"date\"><span class=\"number\">21<\/span><\/span><\/div><div data-date=\"2026-04-22\" class=\"bc-col prev-date\"><span class=\"date\"><span class=\"number\">22<\/span><\/span><\/div><div data-date=\"2026-04-23\" class=\"bc-col prev-date\"><span class=\"date\"><span class=\"number\">23<\/span><\/span><\/div><div data-date=\"2026-04-24\" class=\"bc-col prev-date\"><span class=\"date\"><span class=\"number\">24<\/span><\/span><\/div><div data-date=\"2026-04-25\" class=\"bc-col prev-date\"><span class=\"date\"><span class=\"number\">25<\/span><\/span><\/div><div data-date=\"2026-04-26\" class=\"bc-col prev-date\"><span class=\"date\"><span class=\"number\">26<\/span><\/span><\/div><\/div><div class=\"bc-row week\"><div data-date=\"2026-04-27\" class=\"bc-col prev-date\"><span class=\"date\"><span class=\"number\">27<\/span><\/span><\/div><div data-date=\"2026-04-28\" class=\"bc-col prev-date\"><span class=\"date\"><span class=\"number\">28<\/span><\/span><\/div><div data-date=\"2026-04-29\" class=\"bc-col today prev-date\"><span class=\"date\"><span class=\"number\">29<\/span><\/span><\/div><div data-date=\"2026-04-30\" class=\"bc-col prev-date\"><span class=\"date\"><span class=\"number\">30<\/span><\/span><\/div><div data-date=\"2026-05-1\" class=\"bc-col next-month prev-date\"><span class=\"date\"><span class=\"number\">1<\/span><\/span><\/div><div data-date=\"2026-05-2\" class=\"bc-col next-month prev-date\"><span class=\"date\"><span class=\"number\">2<\/span><\/span><\/div><div data-date=\"2026-05-3\" class=\"bc-col next-month prev-date\"><span class=\"date\"><span class=\"number\">3<\/span><\/span><\/div><\/div>\t\t<\/div>\n\t<\/div><\/div><\/div>\n<p>[\/vc_column_text][\/vc_column][\/vc_row][vc_row el_class=&#8221;agenda-row&#8221;][vc_column width=&#8221;1\/2&#8243;][\/vc_column][vc_column width=&#8221;1\/2&#8243;][\/vc_column][\/vc_row]<\/p>\n<\/section>","protected":false},"excerpt":{"rendered":"<p>[vc_row][vc_column offset=&#8221;vc_hidden-sm vc_hidden-xs&#8221;][vc_empty_space height=&#8221;100px&#8221;][\/vc_column][\/vc_row][vc_row][vc_column offset=&#8221;vc_hidden-lg vc_hidden-md&#8221;][vc_empty_space height=&#8221;50px&#8221;][\/vc_column][\/vc_row][vc_row][vc_column width=&#8221;1\/2&#8243;][vc_column_text el_class=&#8221;ad-text-s&#8221; css=&#8221;.vc_custom_1763411069117{padding-right: 10px !important;padding-left: 10px !important;}&#8221;]Vous \u00eates d\u00e9sormais inscrite sur la liste d&#8217;attente. Si vous le souhaitez, vous pouvez d\u00e9sormais r\u00e9server votre rendez-vous priv\u00e9.[\/vc_column_text][vc_column_text el_class=&#8221;ad-text-s&#8221; css=&#8221;.vc_custom_1763411091510{padding-right: 10px !important;padding-left: 10px !important;}&#8221;]RENDEZ-VOUS PRIV\u00c9S 25 Nov. \u2014 02 D\u00e9c. 2025 avec Anna Dubessy \u00c0 l&#8217;H\u00f4tel Parister (Paris 9e) ou en [&hellip;]<\/p>\n","protected":false},"author":7,"featured_media":0,"parent":0,"menu_order":0,"comment_status":"closed","ping_status":"closed","template":"page-full-width.php","meta":{"_acf_changed":false,"footnotes":""},"acf":[],"yoast_head":"<!-- This site is optimized with the Yoast SEO plugin v22.8 - https:\/\/yoast.com\/wordpress\/plugins\/seo\/ -->\n<title>Rendez-vous priv\u00e9s<\/title>\n<meta name=\"description\" content=\"Les rendez-vous priv\u00e9s auront lieu \u00e0 Paris et en visioconf\u00e9rence, le vendredi 14 f\u00e9vrier 2025. Acc\u00e9dez ici \u00e0 l&#039;agenda en ligne et r\u00e9servez votre cr\u00e9neau.\" \/>\n<meta name=\"robots\" content=\"index, follow, max-snippet:-1, max-image-preview:large, max-video-preview:-1\" \/>\n<link rel=\"canonical\" href=\"https:\/\/artdenouer.com\/fr\/confirmation-liste-attente-2025\/\" \/>\n<meta property=\"og:locale\" content=\"fr_FR\" \/>\n<meta property=\"og:type\" content=\"article\" \/>\n<meta property=\"og:title\" content=\"Rendez-vous priv\u00e9s\" \/>\n<meta property=\"og:description\" content=\"Les rendez-vous priv\u00e9s auront lieu \u00e0 Paris et en visioconf\u00e9rence, le vendredi 14 f\u00e9vrier 2025. Acc\u00e9dez ici \u00e0 l&#039;agenda en ligne et r\u00e9servez votre cr\u00e9neau.\" \/>\n<meta property=\"og:url\" content=\"https:\/\/artdenouer.com\/fr\/confirmation-liste-attente-2025\/\" \/>\n<meta property=\"og:site_name\" content=\"ARTDENOUER\" \/>\n<meta property=\"article:modified_time\" content=\"2025-11-17T20:25:29+00:00\" \/>\n<meta property=\"og:image\" content=\"https:\/\/artdenouer.com\/wp-content\/uploads\/2024\/08\/MA02_ARTDENOUER_13-1.jpg\" \/>\n\t<meta property=\"og:image:width\" content=\"960\" \/>\n\t<meta property=\"og:image:height\" content=\"1280\" \/>\n\t<meta property=\"og:image:type\" content=\"image\/jpeg\" \/>\n<meta name=\"twitter:card\" content=\"summary_large_image\" \/>\n<meta name=\"twitter:title\" content=\"Rendez-vous priv\u00e9s\" \/>\n<meta name=\"twitter:description\" content=\"Les rendez-vous priv\u00e9s auront lieu \u00e0 Paris et en visioconf\u00e9rence, le vendredi 14 f\u00e9vrier 2025. Acc\u00e9dez ici \u00e0 l&#039;agenda en ligne et r\u00e9servez votre cr\u00e9neau.\" \/>\n<meta name=\"twitter:image\" content=\"https:\/\/artdenouer.com\/wp-content\/uploads\/2024\/08\/MA02_ARTDENOUER_13-1.jpg\" \/>\n<meta name=\"twitter:label1\" content=\"Dur\u00e9e de lecture estim\u00e9e\" \/>\n\t<meta name=\"twitter:data1\" content=\"1 minute\" \/>\n<script type=\"application\/ld+json\" class=\"yoast-schema-graph\">{\"@context\":\"https:\/\/schema.org\",\"@graph\":[{\"@type\":\"WebPage\",\"@id\":\"https:\/\/artdenouer.com\/fr\/confirmation-liste-attente-2025\/\",\"url\":\"https:\/\/artdenouer.com\/fr\/confirmation-liste-attente-2025\/\",\"name\":\"Rendez-vous priv\u00e9s\",\"isPartOf\":{\"@id\":\"https:\/\/artdenouer.com\/fr\/#website\"},\"datePublished\":\"2025-02-25T19:16:53+00:00\",\"dateModified\":\"2025-11-17T20:25:29+00:00\",\"description\":\"Les rendez-vous priv\u00e9s auront lieu \u00e0 Paris et en visioconf\u00e9rence, le vendredi 14 f\u00e9vrier 2025. Acc\u00e9dez ici \u00e0 l'agenda en ligne et r\u00e9servez votre cr\u00e9neau.\",\"breadcrumb\":{\"@id\":\"https:\/\/artdenouer.com\/fr\/confirmation-liste-attente-2025\/#breadcrumb\"},\"inLanguage\":\"fr-FR\",\"potentialAction\":[{\"@type\":\"ReadAction\",\"target\":[\"https:\/\/artdenouer.com\/fr\/confirmation-liste-attente-2025\/\"]}]},{\"@type\":\"BreadcrumbList\",\"@id\":\"https:\/\/artdenouer.com\/fr\/confirmation-liste-attente-2025\/#breadcrumb\",\"itemListElement\":[{\"@type\":\"ListItem\",\"position\":1,\"name\":\"Accueil\",\"item\":\"https:\/\/artdenouer.com\/fr\/\"},{\"@type\":\"ListItem\",\"position\":2,\"name\":\"Confirmation liste d&#8217;attente 2025\"}]},{\"@type\":\"WebSite\",\"@id\":\"https:\/\/artdenouer.com\/fr\/#website\",\"url\":\"https:\/\/artdenouer.com\/fr\/\",\"name\":\"ARTDENOUER\",\"description\":\"Sculptures \u00e0 porter\",\"publisher\":{\"@id\":\"https:\/\/artdenouer.com\/fr\/#organization\"},\"potentialAction\":[{\"@type\":\"SearchAction\",\"target\":{\"@type\":\"EntryPoint\",\"urlTemplate\":\"https:\/\/artdenouer.com\/fr\/?s={search_term_string}\"},\"query-input\":\"required name=search_term_string\"}],\"inLanguage\":\"fr-FR\"},{\"@type\":\"Organization\",\"@id\":\"https:\/\/artdenouer.com\/fr\/#organization\",\"name\":\"ARTDENOUER\",\"url\":\"https:\/\/artdenouer.com\/fr\/\",\"logo\":{\"@type\":\"ImageObject\",\"inLanguage\":\"fr-FR\",\"@id\":\"https:\/\/artdenouer.com\/fr\/#\/schema\/logo\/image\/\",\"url\":\"https:\/\/artdenouer.com\/wp-content\/uploads\/2023\/09\/161013_logotype_3mm.png\",\"contentUrl\":\"https:\/\/artdenouer.com\/wp-content\/uploads\/2023\/09\/161013_logotype_3mm.png\",\"width\":301,\"height\":45,\"caption\":\"ARTDENOUER\"},\"image\":{\"@id\":\"https:\/\/artdenouer.com\/fr\/#\/schema\/logo\/image\/\"},\"sameAs\":[\"https:\/\/www.instagram.com\/artdenouer\/\"]}]}<\/script>\n<!-- \/ Yoast SEO plugin. -->","yoast_head_json":{"title":"Rendez-vous priv\u00e9s","description":"Les rendez-vous priv\u00e9s auront lieu \u00e0 Paris et en visioconf\u00e9rence, le vendredi 14 f\u00e9vrier 2025. Acc\u00e9dez ici \u00e0 l'agenda en ligne et r\u00e9servez votre cr\u00e9neau.","robots":{"index":"index","follow":"follow","max-snippet":"max-snippet:-1","max-image-preview":"max-image-preview:large","max-video-preview":"max-video-preview:-1"},"canonical":"https:\/\/artdenouer.com\/fr\/confirmation-liste-attente-2025\/","og_locale":"fr_FR","og_type":"article","og_title":"Rendez-vous priv\u00e9s","og_description":"Les rendez-vous priv\u00e9s auront lieu \u00e0 Paris et en visioconf\u00e9rence, le vendredi 14 f\u00e9vrier 2025. Acc\u00e9dez ici \u00e0 l'agenda en ligne et r\u00e9servez votre cr\u00e9neau.","og_url":"https:\/\/artdenouer.com\/fr\/confirmation-liste-attente-2025\/","og_site_name":"ARTDENOUER","article_modified_time":"2025-11-17T20:25:29+00:00","og_image":[{"width":960,"height":1280,"url":"https:\/\/artdenouer.com\/wp-content\/uploads\/2024\/08\/MA02_ARTDENOUER_13-1.jpg","type":"image\/jpeg"}],"twitter_card":"summary_large_image","twitter_title":"Rendez-vous priv\u00e9s","twitter_description":"Les rendez-vous priv\u00e9s auront lieu \u00e0 Paris et en visioconf\u00e9rence, le vendredi 14 f\u00e9vrier 2025. Acc\u00e9dez ici \u00e0 l'agenda en ligne et r\u00e9servez votre cr\u00e9neau.","twitter_image":"https:\/\/artdenouer.com\/wp-content\/uploads\/2024\/08\/MA02_ARTDENOUER_13-1.jpg","twitter_misc":{"Dur\u00e9e de lecture estim\u00e9e":"1 minute"},"schema":{"@context":"https:\/\/schema.org","@graph":[{"@type":"WebPage","@id":"https:\/\/artdenouer.com\/fr\/confirmation-liste-attente-2025\/","url":"https:\/\/artdenouer.com\/fr\/confirmation-liste-attente-2025\/","name":"Rendez-vous priv\u00e9s","isPartOf":{"@id":"https:\/\/artdenouer.com\/fr\/#website"},"datePublished":"2025-02-25T19:16:53+00:00","dateModified":"2025-11-17T20:25:29+00:00","description":"Les rendez-vous priv\u00e9s auront lieu \u00e0 Paris et en visioconf\u00e9rence, le vendredi 14 f\u00e9vrier 2025. Acc\u00e9dez ici \u00e0 l'agenda en ligne et r\u00e9servez votre cr\u00e9neau.","breadcrumb":{"@id":"https:\/\/artdenouer.com\/fr\/confirmation-liste-attente-2025\/#breadcrumb"},"inLanguage":"fr-FR","potentialAction":[{"@type":"ReadAction","target":["https:\/\/artdenouer.com\/fr\/confirmation-liste-attente-2025\/"]}]},{"@type":"BreadcrumbList","@id":"https:\/\/artdenouer.com\/fr\/confirmation-liste-attente-2025\/#breadcrumb","itemListElement":[{"@type":"ListItem","position":1,"name":"Accueil","item":"https:\/\/artdenouer.com\/fr\/"},{"@type":"ListItem","position":2,"name":"Confirmation liste d&#8217;attente 2025"}]},{"@type":"WebSite","@id":"https:\/\/artdenouer.com\/fr\/#website","url":"https:\/\/artdenouer.com\/fr\/","name":"ARTDENOUER","description":"Sculptures \u00e0 porter","publisher":{"@id":"https:\/\/artdenouer.com\/fr\/#organization"},"potentialAction":[{"@type":"SearchAction","target":{"@type":"EntryPoint","urlTemplate":"https:\/\/artdenouer.com\/fr\/?s={search_term_string}"},"query-input":"required name=search_term_string"}],"inLanguage":"fr-FR"},{"@type":"Organization","@id":"https:\/\/artdenouer.com\/fr\/#organization","name":"ARTDENOUER","url":"https:\/\/artdenouer.com\/fr\/","logo":{"@type":"ImageObject","inLanguage":"fr-FR","@id":"https:\/\/artdenouer.com\/fr\/#\/schema\/logo\/image\/","url":"https:\/\/artdenouer.com\/wp-content\/uploads\/2023\/09\/161013_logotype_3mm.png","contentUrl":"https:\/\/artdenouer.com\/wp-content\/uploads\/2023\/09\/161013_logotype_3mm.png","width":301,"height":45,"caption":"ARTDENOUER"},"image":{"@id":"https:\/\/artdenouer.com\/fr\/#\/schema\/logo\/image\/"},"sameAs":["https:\/\/www.instagram.com\/artdenouer\/"]}]}},"_links":{"self":[{"href":"https:\/\/artdenouer.com\/fr\/wp-json\/wp\/v2\/pages\/15578"}],"collection":[{"href":"https:\/\/artdenouer.com\/fr\/wp-json\/wp\/v2\/pages"}],"about":[{"href":"https:\/\/artdenouer.com\/fr\/wp-json\/wp\/v2\/types\/page"}],"author":[{"embeddable":true,"href":"https:\/\/artdenouer.com\/fr\/wp-json\/wp\/v2\/users\/7"}],"replies":[{"embeddable":true,"href":"https:\/\/artdenouer.com\/fr\/wp-json\/wp\/v2\/comments?post=15578"}],"version-history":[{"count":26,"href":"https:\/\/artdenouer.com\/fr\/wp-json\/wp\/v2\/pages\/15578\/revisions"}],"predecessor-version":[{"id":15594,"href":"https:\/\/artdenouer.com\/fr\/wp-json\/wp\/v2\/pages\/15578\/revisions\/15594"}],"wp:attachment":[{"href":"https:\/\/artdenouer.com\/fr\/wp-json\/wp\/v2\/media?parent=15578"}],"curies":[{"name":"wp","href":"https:\/\/api.w.org\/{rel}","templated":true}]}}