{"id":16246,"date":"2025-11-14T20:31:53","date_gmt":"2025-11-14T18:31:53","guid":{"rendered":"https:\/\/artdenouer.com\/?page_id=16246"},"modified":"2026-01-19T12:53:54","modified_gmt":"2026-01-19T10:53:54","slug":"edition-2025","status":"publish","type":"page","link":"https:\/\/artdenouer.com\/fr\/","title":{"rendered":"Edition No\u00ebl 2025"},"content":{"rendered":"<section class=\"wpb-content-wrapper\"><p>[vc_row css=&#8221;.vc_custom_1763145518354{margin-top: 0% !important;margin-right: 0% !important;margin-bottom: 0% !important;margin-left: 0% !important;border-top-width: 0px !important;border-bottom-width: 0px !important;padding-top: 0px !important;padding-bottom: 0px !important;}&#8221; el_class=&#8221;home-2025-rangee-images&#8221;][vc_column width=&#8221;1\/6&#8243; css=&#8221;.vc_custom_1763145279634{margin: 0px !important;padding: 0px !important;border: 0px initial !important;}&#8221;][vc_single_image image=&#8221;17567&#8243; img_size=&#8221;full&#8221; onclick=&#8221;custom_link&#8221; img_link_target=&#8221;_blank&#8221; link=&#8221;https:\/\/artdenouer.com\/fr\/produit\/ma-03-ed-2025&#8243;][\/vc_column][vc_column width=&#8221;1\/6&#8243; css=&#8221;.vc_custom_1762979027593{padding-top: 0% !important;padding-right: 0% !important;padding-bottom: 0% !important;padding-left: 0% !important;}&#8221;][vc_single_image image=&#8221;17595&#8243; img_size=&#8221;full&#8221; onclick=&#8221;custom_link&#8221; img_link_target=&#8221;_blank&#8221; link=&#8221;https:\/\/artdenouer.com\/fr\/look-1\/&#8221;][\/vc_column][vc_column width=&#8221;1\/6&#8243; css=&#8221;.vc_custom_1762979020798{padding-top: 0% !important;padding-right: 0% !important;padding-bottom: 0% !important;padding-left: 0% !important;}&#8221;][vc_single_image image=&#8221;17581&#8243; img_size=&#8221;full&#8221; onclick=&#8221;custom_link&#8221; img_link_target=&#8221;_blank&#8221; link=&#8221;https:\/\/artdenouer.com\/fr\/look-2\/&#8221;][\/vc_column][vc_column width=&#8221;1\/6&#8243; css=&#8221;.vc_custom_1762979100859{padding-top: 0% !important;padding-right: 0% !important;padding-bottom: 0% !important;padding-left: 0% !important;}&#8221;][vc_single_image image=&#8221;17599&#8243; img_size=&#8221;full&#8221; onclick=&#8221;custom_link&#8221; img_link_target=&#8221;_blank&#8221; link=&#8221;https:\/\/artdenouer.com\/fr\/produit\/bal-01-ed-2025&#8243;][\/vc_column][vc_column width=&#8221;1\/6&#8243; css=&#8221;.vc_custom_1762979108490{padding-top: 0% !important;padding-right: 0% !important;padding-bottom: 0% !important;padding-left: 0% !important;}&#8221;][vc_single_image image=&#8221;17593&#8243; img_size=&#8221;full&#8221; onclick=&#8221;custom_link&#8221; img_link_target=&#8221;_blank&#8221; link=&#8221;https:\/\/artdenouer.com\/fr\/produit\/bal-01-ed-2025&#8243;][\/vc_column][vc_column width=&#8221;1\/6&#8243; css=&#8221;.vc_custom_1762979114475{padding-top: 0% !important;padding-right: 0% !important;padding-bottom: 0% !important;padding-left: 0% !important;}&#8221;][vc_single_image image=&#8221;17563&#8243; img_size=&#8221;full&#8221; onclick=&#8221;custom_link&#8221; img_link_target=&#8221;_blank&#8221; link=&#8221;https:\/\/artdenouer.com\/fr\/produit\/ma-01-ed-2025\/&#8221;][\/vc_column][\/vc_row][vc_row css=&#8221;.vc_custom_1763145424642{margin-top: 0% !important;margin-right: 0% !important;margin-bottom: 0% !important;margin-left: 0% !important;}&#8221; el_class=&#8221;home-2025-rangee-images&#8221;][vc_column width=&#8221;1\/6&#8243; css=&#8221;.vc_custom_1762979034743{padding-top: 0% !important;padding-right: 0% !important;padding-bottom: 0% !important;padding-left: 0% !important;}&#8221;][vc_single_image image=&#8221;17591&#8243; img_size=&#8221;full&#8221; onclick=&#8221;custom_link&#8221; img_link_target=&#8221;_blank&#8221; link=&#8221;https:\/\/artdenouer.com\/fr\/look-3\/&#8221;][\/vc_column][vc_column width=&#8221;1\/6&#8243; css=&#8221;.vc_custom_1762979027593{padding-top: 0% !important;padding-right: 0% !important;padding-bottom: 0% !important;padding-left: 0% !important;}&#8221;][vc_single_image image=&#8221;17579&#8243; img_size=&#8221;full&#8221; onclick=&#8221;custom_link&#8221; img_link_target=&#8221;_blank&#8221; link=&#8221;https:\/\/artdenouer.com\/fr\/look-4\/&#8221;][\/vc_column][vc_column width=&#8221;1\/6&#8243; css=&#8221;.vc_custom_1762979020798{padding-top: 0% !important;padding-right: 0% !important;padding-bottom: 0% !important;padding-left: 0% !important;}&#8221;][vc_single_image image=&#8221;17585&#8243; img_size=&#8221;full&#8221; onclick=&#8221;custom_link&#8221; img_link_target=&#8221;_blank&#8221; link=&#8221;https:\/\/artdenouer.com\/fr\/look-5\/&#8221;][\/vc_column][vc_column width=&#8221;1\/6&#8243; css=&#8221;.vc_custom_1762979100859{padding-top: 0% !important;padding-right: 0% !important;padding-bottom: 0% !important;padding-left: 0% !important;}&#8221;][vc_single_image image=&#8221;17575&#8243; img_size=&#8221;full&#8221; onclick=&#8221;custom_link&#8221; img_link_target=&#8221;_blank&#8221; link=&#8221;https:\/\/artdenouer.com\/fr\/produit\/scale-viii-ed-2025\/&#8221;][\/vc_column][vc_column width=&#8221;1\/6&#8243; css=&#8221;.vc_custom_1762979108490{padding-top: 0% !important;padding-right: 0% !important;padding-bottom: 0% !important;padding-left: 0% !important;}&#8221;][vc_single_image image=&#8221;17565&#8243; img_size=&#8221;full&#8221; onclick=&#8221;custom_link&#8221; img_link_target=&#8221;_blank&#8221; link=&#8221;https:\/\/artdenouer.com\/fr\/produit\/ma-01-ed-2025&#8243;][\/vc_column][vc_column width=&#8221;1\/6&#8243; css=&#8221;.vc_custom_1762979114475{padding-top: 0% !important;padding-right: 0% !important;padding-bottom: 0% !important;padding-left: 0% !important;}&#8221;][vc_single_image image=&#8221;17589&#8243; img_size=&#8221;full&#8221; onclick=&#8221;custom_link&#8221; img_link_target=&#8221;_blank&#8221; link=&#8221;https:\/\/artdenouer.com\/fr\/look-6\/&#8221; css=&#8221;.vc_custom_1763407475403{margin-top: 0px !important;margin-right: 0px !important;margin-bottom: 0px !important;margin-left: 0px !important;padding-top: 0px !important;padding-right: 0px !important;padding-bottom: 0px !important;padding-left: 0px !important;}&#8221;][\/vc_column][\/vc_row][vc_row css=&#8221;.vc_custom_1763145431240{margin-top: 0% !important;margin-right: 0% !important;margin-bottom: 0% !important;margin-left: 0% !important;}&#8221; el_class=&#8221;home-2025-rangee-images&#8221;][vc_column width=&#8221;1\/6&#8243; css=&#8221;.vc_custom_1762979034743{padding-top: 0% !important;padding-right: 0% !important;padding-bottom: 0% !important;padding-left: 0% !important;}&#8221;][vc_single_image image=&#8221;17577&#8243; img_size=&#8221;full&#8221; onclick=&#8221;custom_link&#8221; img_link_target=&#8221;_blank&#8221; link=&#8221;https:\/\/artdenouer.com\/fr\/produit\/scale-viii-ed-2025&#8243;][\/vc_column][vc_column width=&#8221;1\/6&#8243; css=&#8221;.vc_custom_1762979027593{padding-top: 0% !important;padding-right: 0% !important;padding-bottom: 0% !important;padding-left: 0% !important;}&#8221;][vc_single_image image=&#8221;17569&#8243; img_size=&#8221;full&#8221; onclick=&#8221;custom_link&#8221; img_link_target=&#8221;_blank&#8221; link=&#8221;https:\/\/artdenouer.com\/fr\/look-7\/&#8221;][\/vc_column][vc_column width=&#8221;1\/6&#8243; css=&#8221;.vc_custom_1762979020798{padding-top: 0% !important;padding-right: 0% !important;padding-bottom: 0% !important;padding-left: 0% !important;}&#8221;][vc_single_image image=&#8221;17587&#8243; img_size=&#8221;full&#8221; onclick=&#8221;custom_link&#8221; img_link_target=&#8221;_blank&#8221; link=&#8221;https:\/\/artdenouer.com\/fr\/look-8\/&#8221;][\/vc_column][vc_column width=&#8221;1\/6&#8243; css=&#8221;.vc_custom_1762979100859{padding-top: 0% !important;padding-right: 0% !important;padding-bottom: 0% !important;padding-left: 0% !important;}&#8221;][vc_single_image image=&#8221;17583&#8243; img_size=&#8221;full&#8221; onclick=&#8221;custom_link&#8221; img_link_target=&#8221;_blank&#8221; link=&#8221;https:\/\/artdenouer.com\/fr\/look-9\/&#8221;][\/vc_column][vc_column width=&#8221;1\/6&#8243; css=&#8221;.vc_custom_1762979108490{padding-top: 0% !important;padding-right: 0% !important;padding-bottom: 0% !important;padding-left: 0% !important;}&#8221;][vc_single_image image=&#8221;17601&#8243; img_size=&#8221;full&#8221; onclick=&#8221;custom_link&#8221; img_link_target=&#8221;_blank&#8221; link=&#8221;https:\/\/artdenouer.com\/fr\/produit\/scale-iv-ed-2025&#8243;][\/vc_column][vc_column width=&#8221;1\/6&#8243; css=&#8221;.vc_custom_1762979114475{padding-top: 0% !important;padding-right: 0% !important;padding-bottom: 0% !important;padding-left: 0% !important;}&#8221;][vc_single_image image=&#8221;17571&#8243; img_size=&#8221;full&#8221; onclick=&#8221;custom_link&#8221; img_link_target=&#8221;_blank&#8221; link=&#8221;https:\/\/artdenouer.com\/fr\/produit\/ma-02-ed-2025&#8243;][\/vc_column][\/vc_row][vc_row][vc_column][vc_empty_space][\/vc_column][\/vc_row][vc_row][vc_column][vc_column_text el_class=&#8221;ad-text-s&#8221; css=&#8221;.vc_custom_1768820030258{padding-right: 10px !important;padding-left: 10px !important;}&#8221;]<b><i>Janvier 2026, Paris.<\/i><\/b><\/p>\n<p><strong>Iconiques disponibles <a href=\"https:\/\/artdenouer.com\/fr\/e-shop\/\" target=\"_blank\" rel=\"noopener\">ici<\/a>.<\/strong>[\/vc_column_text][\/vc_column][\/vc_row]<\/p>\n<\/section>","protected":false},"excerpt":{"rendered":"<p>[vc_row css=&#8221;.vc_custom_1763145518354{margin-top: 0% !important;margin-right: 0% !important;margin-bottom: 0% !important;margin-left: 0% !important;border-top-width: 0px !important;border-bottom-width: 0px !important;padding-top: 0px !important;padding-bottom: 0px !important;}&#8221; el_class=&#8221;home-2025-rangee-images&#8221;][vc_column width=&#8221;1\/6&#8243; css=&#8221;.vc_custom_1763145279634{margin: 0px !important;padding: 0px !important;border: 0px initial !important;}&#8221;][vc_single_image image=&#8221;17567&#8243; img_size=&#8221;full&#8221; onclick=&#8221;custom_link&#8221; img_link_target=&#8221;_blank&#8221; link=&#8221;https:\/\/artdenouer.com\/fr\/produit\/ma-03-ed-2025&#8243;][\/vc_column][vc_column width=&#8221;1\/6&#8243; css=&#8221;.vc_custom_1762979027593{padding-top: 0% !important;padding-right: 0% !important;padding-bottom: 0% !important;padding-left: 0% !important;}&#8221;][vc_single_image image=&#8221;17595&#8243; img_size=&#8221;full&#8221; onclick=&#8221;custom_link&#8221; img_link_target=&#8221;_blank&#8221; link=&#8221;https:\/\/artdenouer.com\/fr\/look-1\/&#8221;][\/vc_column][vc_column width=&#8221;1\/6&#8243; css=&#8221;.vc_custom_1762979020798{padding-top: 0% !important;padding-right: 0% !important;padding-bottom: 0% [&hellip;]<\/p>\n","protected":false},"author":7,"featured_media":0,"parent":0,"menu_order":0,"comment_status":"closed","ping_status":"closed","template":"page-full-width.php","meta":{"_acf_changed":false,"footnotes":""},"acf":[],"yoast_head":"<!-- This site is optimized with the Yoast SEO plugin v22.8 - https:\/\/yoast.com\/wordpress\/plugins\/seo\/ -->\n<title>Edition 2025<\/title>\n<meta name=\"description\" content=\"Iconiques et nouveaut\u00e9s, disponibles en \u00e9dition limit\u00e9e et en exclusivit\u00e9 sur artdenouer.com d\u00e8s mardi 25 novembre 2025.\" \/>\n<meta name=\"robots\" content=\"index, follow, max-snippet:-1, max-image-preview:large, max-video-preview:-1\" \/>\n<link rel=\"canonical\" href=\"https:\/\/artdenouer.com\/fr\/\" \/>\n<meta property=\"og:locale\" content=\"fr_FR\" \/>\n<meta property=\"og:type\" content=\"article\" \/>\n<meta property=\"og:title\" content=\"Nouvelle \u00e9dition 2025\" \/>\n<meta property=\"og:description\" content=\"Iconiques et nouveaut\u00e9s, disponibles en \u00e9dition limit\u00e9e et en exclusivit\u00e9 sur artdenouer.com d\u00e8s mardi 25 novembre 2025.\" \/>\n<meta property=\"og:url\" content=\"https:\/\/artdenouer.com\/fr\/\" \/>\n<meta property=\"og:site_name\" content=\"ARTDENOUER\" \/>\n<meta property=\"article:modified_time\" content=\"2026-01-19T10:53:54+00:00\" \/>\n<meta property=\"og:image\" content=\"https:\/\/artdenouer.com\/wp-content\/uploads\/2025\/11\/Edition-2025.jpg\" \/>\n\t<meta property=\"og:image:width\" content=\"1170\" \/>\n\t<meta property=\"og:image:height\" content=\"1979\" \/>\n\t<meta property=\"og:image:type\" content=\"image\/jpeg\" \/>\n<meta name=\"twitter:card\" content=\"summary_large_image\" \/>\n<meta name=\"twitter:title\" content=\"Edition 2025\" \/>\n<meta name=\"twitter:description\" content=\"Iconiques et nouveaut\u00e9s, disponibles en \u00e9dition limit\u00e9e et en exclusivit\u00e9 sur artdenouer.com d\u00e8s mardi 25 novembre 2025.\" \/>\n<meta name=\"twitter:image\" content=\"https:\/\/artdenouer.com\/wp-content\/uploads\/2025\/11\/Edition-2025.jpg\" \/>\n<meta name=\"twitter:label1\" content=\"Dur\u00e9e de lecture estim\u00e9e\" \/>\n\t<meta name=\"twitter:data1\" content=\"2 minutes\" \/>\n<script type=\"application\/ld+json\" class=\"yoast-schema-graph\">{\"@context\":\"https:\/\/schema.org\",\"@graph\":[{\"@type\":\"WebPage\",\"@id\":\"https:\/\/artdenouer.com\/fr\/\",\"url\":\"https:\/\/artdenouer.com\/fr\/\",\"name\":\"Edition 2025\",\"isPartOf\":{\"@id\":\"https:\/\/artdenouer.com\/fr\/#website\"},\"datePublished\":\"2025-11-14T18:31:53+00:00\",\"dateModified\":\"2026-01-19T10:53:54+00:00\",\"description\":\"Iconiques et nouveaut\u00e9s, disponibles en \u00e9dition limit\u00e9e et en exclusivit\u00e9 sur artdenouer.com d\u00e8s mardi 25 novembre 2025.\",\"breadcrumb\":{\"@id\":\"https:\/\/artdenouer.com\/fr\/#breadcrumb\"},\"inLanguage\":\"fr-FR\",\"potentialAction\":[{\"@type\":\"ReadAction\",\"target\":[\"https:\/\/artdenouer.com\/fr\/\"]}]},{\"@type\":\"BreadcrumbList\",\"@id\":\"https:\/\/artdenouer.com\/fr\/#breadcrumb\",\"itemListElement\":[{\"@type\":\"ListItem\",\"position\":1,\"name\":\"Accueil\",\"item\":\"https:\/\/artdenouer.com\/fr\/\"},{\"@type\":\"ListItem\",\"position\":2,\"name\":\"Edition No\u00ebl 2025\"}]},{\"@type\":\"WebSite\",\"@id\":\"https:\/\/artdenouer.com\/fr\/#website\",\"url\":\"https:\/\/artdenouer.com\/fr\/\",\"name\":\"ARTDENOUER\",\"description\":\"Sculptures \u00e0 porter\",\"publisher\":{\"@id\":\"https:\/\/artdenouer.com\/fr\/#organization\"},\"potentialAction\":[{\"@type\":\"SearchAction\",\"target\":{\"@type\":\"EntryPoint\",\"urlTemplate\":\"https:\/\/artdenouer.com\/fr\/?s={search_term_string}\"},\"query-input\":\"required name=search_term_string\"}],\"inLanguage\":\"fr-FR\"},{\"@type\":\"Organization\",\"@id\":\"https:\/\/artdenouer.com\/fr\/#organization\",\"name\":\"ARTDENOUER\",\"url\":\"https:\/\/artdenouer.com\/fr\/\",\"logo\":{\"@type\":\"ImageObject\",\"inLanguage\":\"fr-FR\",\"@id\":\"https:\/\/artdenouer.com\/fr\/#\/schema\/logo\/image\/\",\"url\":\"https:\/\/artdenouer.com\/wp-content\/uploads\/2023\/09\/161013_logotype_3mm.png\",\"contentUrl\":\"https:\/\/artdenouer.com\/wp-content\/uploads\/2023\/09\/161013_logotype_3mm.png\",\"width\":301,\"height\":45,\"caption\":\"ARTDENOUER\"},\"image\":{\"@id\":\"https:\/\/artdenouer.com\/fr\/#\/schema\/logo\/image\/\"},\"sameAs\":[\"https:\/\/www.instagram.com\/artdenouer\/\"]}]}<\/script>\n<!-- \/ Yoast SEO plugin. -->","yoast_head_json":{"title":"Edition 2025","description":"Iconiques et nouveaut\u00e9s, disponibles en \u00e9dition limit\u00e9e et en exclusivit\u00e9 sur artdenouer.com d\u00e8s mardi 25 novembre 2025.","robots":{"index":"index","follow":"follow","max-snippet":"max-snippet:-1","max-image-preview":"max-image-preview:large","max-video-preview":"max-video-preview:-1"},"canonical":"https:\/\/artdenouer.com\/fr\/","og_locale":"fr_FR","og_type":"article","og_title":"Nouvelle \u00e9dition 2025","og_description":"Iconiques et nouveaut\u00e9s, disponibles en \u00e9dition limit\u00e9e et en exclusivit\u00e9 sur artdenouer.com d\u00e8s mardi 25 novembre 2025.","og_url":"https:\/\/artdenouer.com\/fr\/","og_site_name":"ARTDENOUER","article_modified_time":"2026-01-19T10:53:54+00:00","og_image":[{"width":1170,"height":1979,"url":"https:\/\/artdenouer.com\/wp-content\/uploads\/2025\/11\/Edition-2025.jpg","type":"image\/jpeg"}],"twitter_card":"summary_large_image","twitter_title":"Edition 2025","twitter_description":"Iconiques et nouveaut\u00e9s, disponibles en \u00e9dition limit\u00e9e et en exclusivit\u00e9 sur artdenouer.com d\u00e8s mardi 25 novembre 2025.","twitter_image":"https:\/\/artdenouer.com\/wp-content\/uploads\/2025\/11\/Edition-2025.jpg","twitter_misc":{"Dur\u00e9e de lecture estim\u00e9e":"2 minutes"},"schema":{"@context":"https:\/\/schema.org","@graph":[{"@type":"WebPage","@id":"https:\/\/artdenouer.com\/fr\/","url":"https:\/\/artdenouer.com\/fr\/","name":"Edition 2025","isPartOf":{"@id":"https:\/\/artdenouer.com\/fr\/#website"},"datePublished":"2025-11-14T18:31:53+00:00","dateModified":"2026-01-19T10:53:54+00:00","description":"Iconiques et nouveaut\u00e9s, disponibles en \u00e9dition limit\u00e9e et en exclusivit\u00e9 sur artdenouer.com d\u00e8s mardi 25 novembre 2025.","breadcrumb":{"@id":"https:\/\/artdenouer.com\/fr\/#breadcrumb"},"inLanguage":"fr-FR","potentialAction":[{"@type":"ReadAction","target":["https:\/\/artdenouer.com\/fr\/"]}]},{"@type":"BreadcrumbList","@id":"https:\/\/artdenouer.com\/fr\/#breadcrumb","itemListElement":[{"@type":"ListItem","position":1,"name":"Accueil","item":"https:\/\/artdenouer.com\/fr\/"},{"@type":"ListItem","position":2,"name":"Edition No\u00ebl 2025"}]},{"@type":"WebSite","@id":"https:\/\/artdenouer.com\/fr\/#website","url":"https:\/\/artdenouer.com\/fr\/","name":"ARTDENOUER","description":"Sculptures \u00e0 porter","publisher":{"@id":"https:\/\/artdenouer.com\/fr\/#organization"},"potentialAction":[{"@type":"SearchAction","target":{"@type":"EntryPoint","urlTemplate":"https:\/\/artdenouer.com\/fr\/?s={search_term_string}"},"query-input":"required name=search_term_string"}],"inLanguage":"fr-FR"},{"@type":"Organization","@id":"https:\/\/artdenouer.com\/fr\/#organization","name":"ARTDENOUER","url":"https:\/\/artdenouer.com\/fr\/","logo":{"@type":"ImageObject","inLanguage":"fr-FR","@id":"https:\/\/artdenouer.com\/fr\/#\/schema\/logo\/image\/","url":"https:\/\/artdenouer.com\/wp-content\/uploads\/2023\/09\/161013_logotype_3mm.png","contentUrl":"https:\/\/artdenouer.com\/wp-content\/uploads\/2023\/09\/161013_logotype_3mm.png","width":301,"height":45,"caption":"ARTDENOUER"},"image":{"@id":"https:\/\/artdenouer.com\/fr\/#\/schema\/logo\/image\/"},"sameAs":["https:\/\/www.instagram.com\/artdenouer\/"]}]}},"_links":{"self":[{"href":"https:\/\/artdenouer.com\/fr\/wp-json\/wp\/v2\/pages\/16246"}],"collection":[{"href":"https:\/\/artdenouer.com\/fr\/wp-json\/wp\/v2\/pages"}],"about":[{"href":"https:\/\/artdenouer.com\/fr\/wp-json\/wp\/v2\/types\/page"}],"author":[{"embeddable":true,"href":"https:\/\/artdenouer.com\/fr\/wp-json\/wp\/v2\/users\/7"}],"replies":[{"embeddable":true,"href":"https:\/\/artdenouer.com\/fr\/wp-json\/wp\/v2\/comments?post=16246"}],"version-history":[{"count":105,"href":"https:\/\/artdenouer.com\/fr\/wp-json\/wp\/v2\/pages\/16246\/revisions"}],"predecessor-version":[{"id":17951,"href":"https:\/\/artdenouer.com\/fr\/wp-json\/wp\/v2\/pages\/16246\/revisions\/17951"}],"wp:attachment":[{"href":"https:\/\/artdenouer.com\/fr\/wp-json\/wp\/v2\/media?parent=16246"}],"curies":[{"name":"wp","href":"https:\/\/api.w.org\/{rel}","templated":true}]}}