{"id":17666,"date":"2025-11-17T18:38:59","date_gmt":"2025-11-17T16:38:59","guid":{"rendered":"https:\/\/artdenouer.com\/?page_id=17666"},"modified":"2025-11-17T21:32:11","modified_gmt":"2025-11-17T19:32:11","slug":"look-1","status":"publish","type":"page","link":"https:\/\/artdenouer.com\/fr\/look-1\/","title":{"rendered":"ED. 2025 &#8211; Look 1"},"content":{"rendered":"<section class=\"wpb-content-wrapper\"><p>[vc_row el_class=&#8221;a-propos-image-container&#8221;][vc_column offset=&#8221;vc_hidden-lg vc_hidden-md&#8221;][vc_single_image image=&#8221;17595&#8243; img_size=&#8221;large&#8221; alignment=&#8221;center&#8221;][\/vc_column][\/vc_row][vc_row css=&#8221;.vc_custom_1763148463322{margin-top: 0% !important;margin-right: 0% !important;margin-bottom: 0% !important;margin-left: 0% !important;}&#8221; el_class=&#8221;eshop-rangee-2025&#8243;][vc_column width=&#8221;1\/3&#8243; css=&#8221;.vc_custom_1763391148244{padding-top: 0% !important;padding-right: 0% !important;padding-bottom: 0% !important;padding-left: 0% !important;}&#8221; offset=&#8221;vc_hidden-sm vc_hidden-xs&#8221;][vc_single_image image=&#8221;17595&#8243; img_size=&#8221;large&#8221; alignment=&#8221;center&#8221;][\/vc_column][vc_column width=&#8221;1\/3&#8243; css=&#8221;.vc_custom_1763391154216{padding-top: 0% !important;padding-right: 0% !important;padding-bottom: 0% !important;padding-left: 0% !important;}&#8221; offset=&#8221;vc_hidden-sm vc_hidden-xs&#8221;][vc_single_image image=&#8221;17595&#8243; img_size=&#8221;large&#8221; alignment=&#8221;center&#8221;][\/vc_column][vc_column width=&#8221;1\/3&#8243; css=&#8221;.vc_custom_1763391161073{padding-top: 0% !important;padding-right: 0% !important;padding-bottom: 0% !important;padding-left: 0% !important;}&#8221; offset=&#8221;vc_hidden-sm vc_hidden-xs&#8221;][vc_single_image image=&#8221;17595&#8243; img_size=&#8221;large&#8221; alignment=&#8221;center&#8221;][\/vc_column][\/vc_row][vc_row][vc_column][vc_column_text el_class=&#8221;ad-text-s&#8221; css=&#8221;.vc_custom_1763391243860{padding-right: 10px !important;padding-left: 10px !important;}&#8221;]<strong>LOOK 1<\/strong>[\/vc_column_text][\/vc_column][\/vc_row][vc_row css=&#8221;.vc_custom_1763148463322{margin-top: 0% !important;margin-right: 0% !important;margin-bottom: 0% !important;margin-left: 0% !important;}&#8221; el_class=&#8221;eshop-rangee-2025&#8243;][vc_column width=&#8221;1\/3&#8243; css=&#8221;.vc_custom_1763390365339{padding-top: 0% !important;padding-right: 0% !important;padding-bottom: 0% !important;padding-left: 0% !important;}&#8221;][vc_single_image image=&#8221;17538&#8243; img_size=&#8221;full&#8221; onclick=&#8221;custom_link&#8221; img_link_target=&#8221;_blank&#8221; link=&#8221;https:\/\/artdenouer.com\/fr\/produit\/ma-03-ed-2025&#8243;][vc_column_text el_class=&#8221;ad-text-s&#8221; css=&#8221;.vc_custom_1763392392478{padding-right: 10% !important;padding-left: 10% !important;}&#8221;]<a href=\"https:\/\/artdenouer.com\/fr\/produit\/ma-03-ed-2025\" target=\"_blank\" rel=\"noopener\"><b>MA 03, s\u00e9rie <em>Anatomie du MA<\/em>.<br \/>\n<\/b><b>Plaqu\u00e9 Or Jaune 24 carats<br \/>\n<\/b><b>380\u20ac<\/b><\/a>[\/vc_column_text][\/vc_column][vc_column width=&#8221;1\/3&#8243; css=&#8221;.vc_custom_1762979027593{padding-top: 0% !important;padding-right: 0% !important;padding-bottom: 0% !important;padding-left: 0% !important;}&#8221;][vc_single_image image=&#8221;17542&#8243; img_size=&#8221;full&#8221; onclick=&#8221;custom_link&#8221; img_link_target=&#8221;_blank&#8221; link=&#8221;https:\/\/artdenouer.com\/fr\/produit\/ma-04-trio-ed-2025&#8243;][vc_column_text el_class=&#8221;ad-text-s&#8221; css=&#8221;.vc_custom_1763392409856{padding-right: 10% !important;padding-left: 10% !important;}&#8221;]<a href=\"https:\/\/artdenouer.com\/fr\/produit\/ma-04-trio-ed-2025\" target=\"_blank\" rel=\"noopener\"><b>MA 04, s\u00e9rie <em>Anatomie du MA<\/em>.<br \/>\n<\/b><b>Or jaune massif 18 carats serti<br \/>\n2450\u20ac<\/b><\/a>[\/vc_column_text][\/vc_column][vc_column width=&#8221;1\/3&#8243; css=&#8221;.vc_custom_1762979020798{padding-top: 0% !important;padding-right: 0% !important;padding-bottom: 0% !important;padding-left: 0% !important;}&#8221;][vc_single_image image=&#8221;17540&#8243; img_size=&#8221;full&#8221; onclick=&#8221;custom_link&#8221; img_link_target=&#8221;_blank&#8221; link=&#8221;https:\/\/artdenouer.com\/fr\/produit\/ma-04-duo-ed-2025&#8243;][vc_column_text el_class=&#8221;ad-text-s&#8221; css=&#8221;.vc_custom_1763393629951{padding-right: 10% !important;padding-left: 10% !important;}&#8221;]<a href=\"https:\/\/artdenouer.com\/fr\/produit\/ma-04-duo-ed-2025\" target=\"_blank\" rel=\"noopener\"><b>MA 04, s\u00e9rie <em>Anatomie du MA<\/em>.<br \/>\n<\/b><b>Or jaune massif 18 carats serti<br \/>\n1520\u20ac<\/b><\/a>[\/vc_column_text][\/vc_column][\/vc_row]<\/p>\n<\/section>","protected":false},"excerpt":{"rendered":"<p>[vc_row el_class=&#8221;a-propos-image-container&#8221;][vc_column offset=&#8221;vc_hidden-lg vc_hidden-md&#8221;][vc_single_image image=&#8221;17595&#8243; img_size=&#8221;large&#8221; alignment=&#8221;center&#8221;][\/vc_column][\/vc_row][vc_row css=&#8221;.vc_custom_1763148463322{margin-top: 0% !important;margin-right: 0% !important;margin-bottom: 0% !important;margin-left: 0% !important;}&#8221; el_class=&#8221;eshop-rangee-2025&#8243;][vc_column width=&#8221;1\/3&#8243; css=&#8221;.vc_custom_1763391148244{padding-top: 0% !important;padding-right: 0% !important;padding-bottom: 0% !important;padding-left: 0% !important;}&#8221; offset=&#8221;vc_hidden-sm vc_hidden-xs&#8221;][vc_single_image image=&#8221;17595&#8243; img_size=&#8221;large&#8221; alignment=&#8221;center&#8221;][\/vc_column][vc_column width=&#8221;1\/3&#8243; css=&#8221;.vc_custom_1763391154216{padding-top: 0% !important;padding-right: 0% !important;padding-bottom: 0% !important;padding-left: 0% !important;}&#8221; offset=&#8221;vc_hidden-sm vc_hidden-xs&#8221;][vc_single_image image=&#8221;17595&#8243; img_size=&#8221;large&#8221; alignment=&#8221;center&#8221;][\/vc_column][vc_column width=&#8221;1\/3&#8243; css=&#8221;.vc_custom_1763391161073{padding-top: 0% !important;padding-right: 0% !important;padding-bottom: 0% !important;padding-left: [&hellip;]<\/p>\n","protected":false},"author":7,"featured_media":0,"parent":0,"menu_order":0,"comment_status":"closed","ping_status":"closed","template":"page-full-width.php","meta":{"_acf_changed":false,"footnotes":""},"acf":[],"yoast_head":"<!-- This site is optimized with the Yoast SEO plugin v22.8 - https:\/\/yoast.com\/wordpress\/plugins\/seo\/ -->\n<title>E-shop<\/title>\n<meta name=\"description\" content=\"Les 3 iconiques sont actuellement disponibles en pr\u00e9commande, en \u00e9dition limit\u00e9e et \u00e0 tarifs pr\u00e9f\u00e9rentiels, jusqu&#039;au 30 mars 2025.\" \/>\n<meta name=\"robots\" content=\"index, follow, max-snippet:-1, max-image-preview:large, max-video-preview:-1\" \/>\n<link rel=\"canonical\" href=\"https:\/\/artdenouer.com\/fr\/look-1\/\" \/>\n<meta property=\"og:locale\" content=\"fr_FR\" \/>\n<meta property=\"og:type\" content=\"article\" \/>\n<meta property=\"og:title\" content=\"Nouvelle \u00e9dition 2025\" \/>\n<meta property=\"og:description\" content=\"Les 3 iconiques sont disponibles exclusivement, du mardi 10 au jeudi 12 juin 2025, \u00e0 tarifs pr\u00e9f\u00e9rentiels.\" \/>\n<meta property=\"og:url\" content=\"https:\/\/artdenouer.com\/fr\/look-1\/\" \/>\n<meta property=\"og:site_name\" content=\"ARTDENOUER\" \/>\n<meta property=\"article:modified_time\" content=\"2025-11-17T19:32:11+00:00\" \/>\n<meta property=\"og:image\" content=\"https:\/\/artdenouer.com\/wp-content\/uploads\/2025\/02\/liste-attente-2025-1-1024x676.png\" \/>\n\t<meta property=\"og:image:width\" content=\"1024\" \/>\n\t<meta property=\"og:image:height\" content=\"676\" \/>\n\t<meta property=\"og:image:type\" content=\"image\/png\" \/>\n<meta name=\"twitter:card\" content=\"summary_large_image\" \/>\n<meta name=\"twitter:title\" content=\"Nouvelle \u00e9dition 2025\" \/>\n<meta name=\"twitter:description\" content=\"Les 3 iconiques sont disponibles exclusivement, du mardi 10 au jeudi 12 juin 2025, \u00e0 tarifs pr\u00e9f\u00e9rentiels.\" \/>\n<meta name=\"twitter:image\" content=\"https:\/\/artdenouer.com\/wp-content\/uploads\/2025\/02\/liste-attente-2025-1.png\" \/>\n<meta name=\"twitter:label1\" content=\"Dur\u00e9e de lecture estim\u00e9e\" \/>\n\t<meta name=\"twitter:data1\" content=\"3 minutes\" \/>\n<script type=\"application\/ld+json\" class=\"yoast-schema-graph\">{\"@context\":\"https:\/\/schema.org\",\"@graph\":[{\"@type\":\"WebPage\",\"@id\":\"https:\/\/artdenouer.com\/fr\/look-1\/\",\"url\":\"https:\/\/artdenouer.com\/fr\/look-1\/\",\"name\":\"E-shop\",\"isPartOf\":{\"@id\":\"https:\/\/artdenouer.com\/fr\/#website\"},\"datePublished\":\"2025-11-17T16:38:59+00:00\",\"dateModified\":\"2025-11-17T19:32:11+00:00\",\"description\":\"Les 3 iconiques sont actuellement disponibles en pr\u00e9commande, en \u00e9dition limit\u00e9e et \u00e0 tarifs pr\u00e9f\u00e9rentiels, jusqu'au 30 mars 2025.\",\"breadcrumb\":{\"@id\":\"https:\/\/artdenouer.com\/fr\/look-1\/#breadcrumb\"},\"inLanguage\":\"fr-FR\",\"potentialAction\":[{\"@type\":\"ReadAction\",\"target\":[\"https:\/\/artdenouer.com\/fr\/look-1\/\"]}]},{\"@type\":\"BreadcrumbList\",\"@id\":\"https:\/\/artdenouer.com\/fr\/look-1\/#breadcrumb\",\"itemListElement\":[{\"@type\":\"ListItem\",\"position\":1,\"name\":\"Accueil\",\"item\":\"https:\/\/artdenouer.com\/fr\/\"},{\"@type\":\"ListItem\",\"position\":2,\"name\":\"ED. 2025 &#8211; Look 1\"}]},{\"@type\":\"WebSite\",\"@id\":\"https:\/\/artdenouer.com\/fr\/#website\",\"url\":\"https:\/\/artdenouer.com\/fr\/\",\"name\":\"ARTDENOUER\",\"description\":\"Sculptures \u00e0 porter\",\"publisher\":{\"@id\":\"https:\/\/artdenouer.com\/fr\/#organization\"},\"potentialAction\":[{\"@type\":\"SearchAction\",\"target\":{\"@type\":\"EntryPoint\",\"urlTemplate\":\"https:\/\/artdenouer.com\/fr\/?s={search_term_string}\"},\"query-input\":\"required name=search_term_string\"}],\"inLanguage\":\"fr-FR\"},{\"@type\":\"Organization\",\"@id\":\"https:\/\/artdenouer.com\/fr\/#organization\",\"name\":\"ARTDENOUER\",\"url\":\"https:\/\/artdenouer.com\/fr\/\",\"logo\":{\"@type\":\"ImageObject\",\"inLanguage\":\"fr-FR\",\"@id\":\"https:\/\/artdenouer.com\/fr\/#\/schema\/logo\/image\/\",\"url\":\"https:\/\/artdenouer.com\/wp-content\/uploads\/2023\/09\/161013_logotype_3mm.png\",\"contentUrl\":\"https:\/\/artdenouer.com\/wp-content\/uploads\/2023\/09\/161013_logotype_3mm.png\",\"width\":301,\"height\":45,\"caption\":\"ARTDENOUER\"},\"image\":{\"@id\":\"https:\/\/artdenouer.com\/fr\/#\/schema\/logo\/image\/\"},\"sameAs\":[\"https:\/\/www.instagram.com\/artdenouer\/\"]}]}<\/script>\n<!-- \/ Yoast SEO plugin. -->","yoast_head_json":{"title":"E-shop","description":"Les 3 iconiques sont actuellement disponibles en pr\u00e9commande, en \u00e9dition limit\u00e9e et \u00e0 tarifs pr\u00e9f\u00e9rentiels, jusqu'au 30 mars 2025.","robots":{"index":"index","follow":"follow","max-snippet":"max-snippet:-1","max-image-preview":"max-image-preview:large","max-video-preview":"max-video-preview:-1"},"canonical":"https:\/\/artdenouer.com\/fr\/look-1\/","og_locale":"fr_FR","og_type":"article","og_title":"Nouvelle \u00e9dition 2025","og_description":"Les 3 iconiques sont disponibles exclusivement, du mardi 10 au jeudi 12 juin 2025, \u00e0 tarifs pr\u00e9f\u00e9rentiels.","og_url":"https:\/\/artdenouer.com\/fr\/look-1\/","og_site_name":"ARTDENOUER","article_modified_time":"2025-11-17T19:32:11+00:00","og_image":[{"width":1024,"height":676,"url":"https:\/\/artdenouer.com\/wp-content\/uploads\/2025\/02\/liste-attente-2025-1-1024x676.png","type":"image\/png"}],"twitter_card":"summary_large_image","twitter_title":"Nouvelle \u00e9dition 2025","twitter_description":"Les 3 iconiques sont disponibles exclusivement, du mardi 10 au jeudi 12 juin 2025, \u00e0 tarifs pr\u00e9f\u00e9rentiels.","twitter_image":"https:\/\/artdenouer.com\/wp-content\/uploads\/2025\/02\/liste-attente-2025-1.png","twitter_misc":{"Dur\u00e9e de lecture estim\u00e9e":"3 minutes"},"schema":{"@context":"https:\/\/schema.org","@graph":[{"@type":"WebPage","@id":"https:\/\/artdenouer.com\/fr\/look-1\/","url":"https:\/\/artdenouer.com\/fr\/look-1\/","name":"E-shop","isPartOf":{"@id":"https:\/\/artdenouer.com\/fr\/#website"},"datePublished":"2025-11-17T16:38:59+00:00","dateModified":"2025-11-17T19:32:11+00:00","description":"Les 3 iconiques sont actuellement disponibles en pr\u00e9commande, en \u00e9dition limit\u00e9e et \u00e0 tarifs pr\u00e9f\u00e9rentiels, jusqu'au 30 mars 2025.","breadcrumb":{"@id":"https:\/\/artdenouer.com\/fr\/look-1\/#breadcrumb"},"inLanguage":"fr-FR","potentialAction":[{"@type":"ReadAction","target":["https:\/\/artdenouer.com\/fr\/look-1\/"]}]},{"@type":"BreadcrumbList","@id":"https:\/\/artdenouer.com\/fr\/look-1\/#breadcrumb","itemListElement":[{"@type":"ListItem","position":1,"name":"Accueil","item":"https:\/\/artdenouer.com\/fr\/"},{"@type":"ListItem","position":2,"name":"ED. 2025 &#8211; Look 1"}]},{"@type":"WebSite","@id":"https:\/\/artdenouer.com\/fr\/#website","url":"https:\/\/artdenouer.com\/fr\/","name":"ARTDENOUER","description":"Sculptures \u00e0 porter","publisher":{"@id":"https:\/\/artdenouer.com\/fr\/#organization"},"potentialAction":[{"@type":"SearchAction","target":{"@type":"EntryPoint","urlTemplate":"https:\/\/artdenouer.com\/fr\/?s={search_term_string}"},"query-input":"required name=search_term_string"}],"inLanguage":"fr-FR"},{"@type":"Organization","@id":"https:\/\/artdenouer.com\/fr\/#organization","name":"ARTDENOUER","url":"https:\/\/artdenouer.com\/fr\/","logo":{"@type":"ImageObject","inLanguage":"fr-FR","@id":"https:\/\/artdenouer.com\/fr\/#\/schema\/logo\/image\/","url":"https:\/\/artdenouer.com\/wp-content\/uploads\/2023\/09\/161013_logotype_3mm.png","contentUrl":"https:\/\/artdenouer.com\/wp-content\/uploads\/2023\/09\/161013_logotype_3mm.png","width":301,"height":45,"caption":"ARTDENOUER"},"image":{"@id":"https:\/\/artdenouer.com\/fr\/#\/schema\/logo\/image\/"},"sameAs":["https:\/\/www.instagram.com\/artdenouer\/"]}]}},"_links":{"self":[{"href":"https:\/\/artdenouer.com\/fr\/wp-json\/wp\/v2\/pages\/17666"}],"collection":[{"href":"https:\/\/artdenouer.com\/fr\/wp-json\/wp\/v2\/pages"}],"about":[{"href":"https:\/\/artdenouer.com\/fr\/wp-json\/wp\/v2\/types\/page"}],"author":[{"embeddable":true,"href":"https:\/\/artdenouer.com\/fr\/wp-json\/wp\/v2\/users\/7"}],"replies":[{"embeddable":true,"href":"https:\/\/artdenouer.com\/fr\/wp-json\/wp\/v2\/comments?post=17666"}],"version-history":[{"count":26,"href":"https:\/\/artdenouer.com\/fr\/wp-json\/wp\/v2\/pages\/17666\/revisions"}],"predecessor-version":[{"id":17812,"href":"https:\/\/artdenouer.com\/fr\/wp-json\/wp\/v2\/pages\/17666\/revisions\/17812"}],"wp:attachment":[{"href":"https:\/\/artdenouer.com\/fr\/wp-json\/wp\/v2\/media?parent=17666"}],"curies":[{"name":"wp","href":"https:\/\/api.w.org\/{rel}","templated":true}]}}